{"id":1134,"date":"2016-10-09T11:37:25","date_gmt":"2016-10-09T11:37:25","guid":{"rendered":"http:\/\/dentalia.orionthemes.com\/demo-1\/?page_id=1134"},"modified":"2020-10-23T12:16:01","modified_gmt":"2020-10-23T11:16:01","slug":"forebyggande-tandvard","status":"publish","type":"page","link":"https:\/\/www.m4tandklinik.se\/tandlakareilerum\/behandlingar-2\/forebyggande-tandvard\/","title":{"rendered":"F\u00f6rebyggande tandv\u00e5rd"},"content":{"rendered":"<div id=\"pl-1134\"  class=\"panel-layout\" ><div id=\"pg-1134-0\"  class=\"panel-grid panel-has-style\" ><div class=\"siteorigin-panels-stretch divider-no-animation tablet-1-in-row mobile-1-in-row desktop-default panel-row-style panel-row-style-for-1134-0\" data-stretch-type=\"full\" ><div id=\"pgc-1134-0-0\"  class=\"panel-grid-cell\" ><div id=\"panel-1134-0-0-0\" class=\"so-panel widget widget_orion_heading_w panel-first-child\" data-index=\"0\" ><div class=\"orion default panel-widget-style panel-widget-style-for-1134-0-0-0\" ><div\n\t\t\t\n\t\t\tclass=\"so-widget-orion_heading_w so-widget-orion_heading_w-base\"\n\t\t\t\n\t\t> \r\n\t\t\t<div class=\"row orion-heading\" style=\"margin-bottom:0px;\">\r\n\t\t<div class=\"col-md-12   text-left style-h6 style-primary-color\">\r\n\t\t\t<h6 class=\"primary-color\">\r\n\t\t\t\tVilken f\u00f6rebyggande v\u00e5rd beh\u00f6ver jag f\u00e5 hos min tandl\u00e4kare\/tandhygienist?\t\t\t<\/h6>\r\n\t\t<\/div>\r\n\t<\/div>\r\n\r\n\t<\/div><\/div><\/div><div id=\"panel-1134-0-0-1\" class=\"so-panel widget widget_sow-editor\" data-index=\"1\" ><div class=\"orion default panel-widget-style panel-widget-style-for-1134-0-0-1\" ><div\n\t\t\t\n\t\t\tclass=\"so-widget-sow-editor so-widget-sow-editor-base\"\n\t\t\t\n\t\t>\n<div class=\"siteorigin-widget-tinymce textwidget\">\n\t<h5>Eftersom risken f\u00f6r tandsjukdom \u00f6kar med stigande \u00e5lder kan det vara klokt att g\u00e5 litet oftare f\u00f6r st\u00f6dbehandling \u00e4n tidigare i livet. L\u00e4mpligt intervall best\u00e4mmer man i samr\u00e5d med tandl\u00e4karen.<\/h5>\n<p>S\u00e5dan st\u00f6dbehandling kan inneh\u00e5lla en s.k professionellt reng\u00f6ring d\u00e4r eventuell tandsten och bakteriabel\u00e4ggningar pustas bort. Det kan vara sv\u00e5rt att se och komma \u00e5t p\u00e5 kr\u00e5ngliga st\u00e4llen, s\u00e4rskilt om man har mycket broar eller andra tandtekniska konstruktioner i munnen.<br \/>\nExtra fluorskydd kan tillf\u00f6ras i form av gel i s.k. sked (som ocks\u00e5 kan sk\u00f6tas hemma) eller kan lackas eller penslas p\u00e5 tanden. Om tandk\u00f6ttet \u00e4r infekterat eller det f\u00f6religger svampinfektion kanske tandl\u00e4karen ocks\u00e5 beh\u00f6ver ordinerar\/rekommendera viss tid av antibaketeriell behandling och f\u00f6ljer d\u00e5 ocks\u00e5 upp och kontrollerar att effekterna av denna f\u00e5r avsedd effekt.<\/p>\n<\/div>\n<\/div><\/div><\/div><div id=\"panel-1134-0-0-2\" class=\"so-panel widget widget_orion_button_w panel-last-child\" data-index=\"2\" ><div class=\"orion mobile-text-center tablets-text-center default panel-widget-style panel-widget-style-for-1134-0-0-2\" ><div\n\t\t\t\n\t\t\tclass=\"so-widget-orion_button_w so-widget-orion_button_w-base\"\n\t\t\t\n\t\t>\t<div class=\"wrapper block\" style=\"text-align:center\">\r\n\r\n\t\t\t<a class=\"btn btn-c1 btn-round btn-flat btn-lg\"  href=\"https:\/\/www.m4tandklinik.se\/tandlakareilerum\/kontakt\/\"\r\n\t\t\t   \t\t>\r\n\t\t\tBoka tid!\t\t\r\n\t\t<\/a>\r\n\t\r\n<\/div>\r\n<\/div><\/div><\/div><\/div><div id=\"pgc-1134-0-1\"  class=\"panel-grid-cell\" ><div id=\"panel-1134-0-1-0\" class=\"so-panel widget widget_orion_image_w panel-first-child panel-last-child\" data-index=\"3\" ><div class=\"orion mobile-text-center default panel-widget-style panel-widget-style-for-1134-0-1-0\" ><div\n\t\t\t\n\t\t\tclass=\"so-widget-orion_image_w so-widget-orion_image_w-base\"\n\t\t\t\n\t\t>\r\n<div class=\"image-w relative rounded\">\r\n\r\n\t\t\t\t\t\t\t<div class=\"orion_circle image-wrap rounded overlay-none overlay-hover-primary\">\r\n\t\t\r\n\t\t\t\t<div class=\"circle-wrap\">\r\n\t\t\t\t\t<img loading=\"lazy\" decoding=\"async\" width=\"750\" height=\"750\" src=\"https:\/\/www.m4tandklinik.se\/wp-content\/uploads\/2019\/04\/ZY-Photo-2018-10-19-00000054-750x750.jpg\" class=\"attachment-orion_square size-orion_square\" alt=\"\" \/>\t\t\t<div class=\"overlay\"><\/div>\r\n\t\t\t\t<\/div>\r\n\t\t\r\n\t\t\t\t\t<\/div>\r\n\t\t\t\r\n\t\r\n\t<div class=\"absolute\">\r\n\t\t<div class=\"hover-desc table-wrap\">\r\n\t\t\t<div class=\"cell-wrap\">\r\n\t\t\t\t<h4 class=\"text-light\"><\/h4>\r\n\t\t\t<\/div>\r\n\t\t<\/div>\r\n\t<\/div>\t\t\t\t\t\r\n<\/div>\r\n\r\n<\/div><\/div><\/div><\/div><\/div><\/div><\/div>","protected":false},"excerpt":{"rendered":"<p>Proper oral hygiene does not only prevent caries and periodontal disease but also affects our overall health.<\/p>\n","protected":false},"author":1,"featured_media":2512,"parent":1056,"menu_order":0,"comment_status":"closed","ping_status":"closed","template":"","meta":{"footnotes":""},"class_list":["post-1134","page","type-page","status-publish","has-post-thumbnail","hentry"],"yoast_head":"<!-- This site is optimized with the Yoast SEO plugin v26.7 - https:\/\/yoast.com\/wordpress\/plugins\/seo\/ -->\n<title>F\u00f6rebyggande tandv\u00e5rd - Tandl\u00e4kare Mahnush Owji - M4 tandklinik<\/title>\n<meta name=\"robots\" content=\"index, follow, max-snippet:-1, max-image-preview:large, max-video-preview:-1\" \/>\n<link rel=\"canonical\" href=\"https:\/\/www.m4tandklinik.se\/tandlakareilerum\/behandlingar-2\/forebyggande-tandvard\/\" \/>\n<meta property=\"og:locale\" content=\"sv_SE\" \/>\n<meta property=\"og:type\" content=\"article\" \/>\n<meta property=\"og:title\" content=\"F\u00f6rebyggande tandv\u00e5rd - Tandl\u00e4kare Mahnush Owji - M4 tandklinik\" \/>\n<meta property=\"og:description\" content=\"Proper oral hygiene does not only prevent caries and periodontal disease but also affects our overall health.\" \/>\n<meta property=\"og:url\" content=\"https:\/\/www.m4tandklinik.se\/tandlakareilerum\/behandlingar-2\/forebyggande-tandvard\/\" \/>\n<meta property=\"og:site_name\" content=\"Tandl\u00e4kare Mahnush Owji - M4 tandklinik\" \/>\n<meta property=\"article:publisher\" content=\"https:\/\/www.facebook.com\/m4tandklinik\" \/>\n<meta property=\"article:modified_time\" content=\"2020-10-23T11:16:01+00:00\" \/>\n<meta property=\"og:image\" content=\"https:\/\/www.m4tandklinik.se\/wp-content\/uploads\/2016\/10\/orionthemes-featured-image-1.jpg\" \/>\n\t<meta property=\"og:image:width\" content=\"1170\" \/>\n\t<meta property=\"og:image:height\" content=\"780\" \/>\n\t<meta property=\"og:image:type\" content=\"image\/jpeg\" \/>\n<meta name=\"twitter:card\" content=\"summary_large_image\" \/>\n<meta name=\"twitter:label1\" content=\"Ber\u00e4knad l\u00e4stid\" \/>\n\t<meta name=\"twitter:data1\" content=\"1 minut\" \/>\n<script type=\"application\/ld+json\" class=\"yoast-schema-graph\">{\"@context\":\"https:\/\/schema.org\",\"@graph\":[{\"@type\":\"WebPage\",\"@id\":\"https:\/\/www.m4tandklinik.se\/tandlakareilerum\/behandlingar-2\/forebyggande-tandvard\/\",\"url\":\"https:\/\/www.m4tandklinik.se\/tandlakareilerum\/behandlingar-2\/forebyggande-tandvard\/\",\"name\":\"F\u00f6rebyggande tandv\u00e5rd - Tandl\u00e4kare Mahnush Owji - M4 tandklinik\",\"isPartOf\":{\"@id\":\"https:\/\/www.m4tandklinik.se\/tandlakareilerum\/#website\"},\"primaryImageOfPage\":{\"@id\":\"https:\/\/www.m4tandklinik.se\/tandlakareilerum\/behandlingar-2\/forebyggande-tandvard\/#primaryimage\"},\"image\":{\"@id\":\"https:\/\/www.m4tandklinik.se\/tandlakareilerum\/behandlingar-2\/forebyggande-tandvard\/#primaryimage\"},\"thumbnailUrl\":\"https:\/\/www.m4tandklinik.se\/wp-content\/uploads\/2016\/10\/orionthemes-featured-image-1.jpg\",\"datePublished\":\"2016-10-09T11:37:25+00:00\",\"dateModified\":\"2020-10-23T11:16:01+00:00\",\"breadcrumb\":{\"@id\":\"https:\/\/www.m4tandklinik.se\/tandlakareilerum\/behandlingar-2\/forebyggande-tandvard\/#breadcrumb\"},\"inLanguage\":\"sv-SE\",\"potentialAction\":[{\"@type\":\"ReadAction\",\"target\":[\"https:\/\/www.m4tandklinik.se\/tandlakareilerum\/behandlingar-2\/forebyggande-tandvard\/\"]}]},{\"@type\":\"ImageObject\",\"inLanguage\":\"sv-SE\",\"@id\":\"https:\/\/www.m4tandklinik.se\/tandlakareilerum\/behandlingar-2\/forebyggande-tandvard\/#primaryimage\",\"url\":\"https:\/\/www.m4tandklinik.se\/wp-content\/uploads\/2016\/10\/orionthemes-featured-image-1.jpg\",\"contentUrl\":\"https:\/\/www.m4tandklinik.se\/wp-content\/uploads\/2016\/10\/orionthemes-featured-image-1.jpg\",\"width\":1170,\"height\":780},{\"@type\":\"BreadcrumbList\",\"@id\":\"https:\/\/www.m4tandklinik.se\/tandlakareilerum\/behandlingar-2\/forebyggande-tandvard\/#breadcrumb\",\"itemListElement\":[{\"@type\":\"ListItem\",\"position\":1,\"name\":\"Hem\",\"item\":\"https:\/\/www.m4tandklinik.se\/tandlakareilerum\/\"},{\"@type\":\"ListItem\",\"position\":2,\"name\":\"Behandlingar\",\"item\":\"https:\/\/www.m4tandklinik.se\/tandlakareilerum\/behandlingar-2\/\"},{\"@type\":\"ListItem\",\"position\":3,\"name\":\"F\u00f6rebyggande tandv\u00e5rd\"}]},{\"@type\":\"WebSite\",\"@id\":\"https:\/\/www.m4tandklinik.se\/tandlakareilerum\/#website\",\"url\":\"https:\/\/www.m4tandklinik.se\/tandlakareilerum\/\",\"name\":\"Tandl\u00e4kare Mahnush Owji - M4 tandklinik\",\"description\":\"Tandl\u00e4kare i Lerum\",\"publisher\":{\"@id\":\"https:\/\/www.m4tandklinik.se\/tandlakareilerum\/#organization\"},\"potentialAction\":[{\"@type\":\"SearchAction\",\"target\":{\"@type\":\"EntryPoint\",\"urlTemplate\":\"https:\/\/www.m4tandklinik.se\/tandlakareilerum\/?s={search_term_string}\"},\"query-input\":{\"@type\":\"PropertyValueSpecification\",\"valueRequired\":true,\"valueName\":\"search_term_string\"}}],\"inLanguage\":\"sv-SE\"},{\"@type\":\"Organization\",\"@id\":\"https:\/\/www.m4tandklinik.se\/tandlakareilerum\/#organization\",\"name\":\"Tandl\u00e4kare Mahnush Owji - M4 tandklinik\",\"url\":\"https:\/\/www.m4tandklinik.se\/tandlakareilerum\/\",\"logo\":{\"@type\":\"ImageObject\",\"inLanguage\":\"sv-SE\",\"@id\":\"https:\/\/www.m4tandklinik.se\/tandlakareilerum\/#\/schema\/logo\/image\/\",\"url\":\"https:\/\/www.m4tandklinik.se\/wp-content\/uploads\/2019\/04\/cropped-m4-just-logo.png\",\"contentUrl\":\"https:\/\/www.m4tandklinik.se\/wp-content\/uploads\/2019\/04\/cropped-m4-just-logo.png\",\"width\":512,\"height\":512,\"caption\":\"Tandl\u00e4kare Mahnush Owji - M4 tandklinik\"},\"image\":{\"@id\":\"https:\/\/www.m4tandklinik.se\/tandlakareilerum\/#\/schema\/logo\/image\/\"},\"sameAs\":[\"https:\/\/www.facebook.com\/m4tandklinik\",\"https:\/\/www.instagram.com\/m4tandklinik\/\"]}]}<\/script>\n<!-- \/ Yoast SEO plugin. -->","yoast_head_json":{"title":"F\u00f6rebyggande tandv\u00e5rd - Tandl\u00e4kare Mahnush Owji - M4 tandklinik","robots":{"index":"index","follow":"follow","max-snippet":"max-snippet:-1","max-image-preview":"max-image-preview:large","max-video-preview":"max-video-preview:-1"},"canonical":"https:\/\/www.m4tandklinik.se\/tandlakareilerum\/behandlingar-2\/forebyggande-tandvard\/","og_locale":"sv_SE","og_type":"article","og_title":"F\u00f6rebyggande tandv\u00e5rd - Tandl\u00e4kare Mahnush Owji - M4 tandklinik","og_description":"Proper oral hygiene does not only prevent caries and periodontal disease but also affects our overall health.","og_url":"https:\/\/www.m4tandklinik.se\/tandlakareilerum\/behandlingar-2\/forebyggande-tandvard\/","og_site_name":"Tandl\u00e4kare Mahnush Owji - M4 tandklinik","article_publisher":"https:\/\/www.facebook.com\/m4tandklinik","article_modified_time":"2020-10-23T11:16:01+00:00","og_image":[{"width":1170,"height":780,"url":"https:\/\/www.m4tandklinik.se\/wp-content\/uploads\/2016\/10\/orionthemes-featured-image-1.jpg","type":"image\/jpeg"}],"twitter_card":"summary_large_image","twitter_misc":{"Ber\u00e4knad l\u00e4stid":"1 minut"},"schema":{"@context":"https:\/\/schema.org","@graph":[{"@type":"WebPage","@id":"https:\/\/www.m4tandklinik.se\/tandlakareilerum\/behandlingar-2\/forebyggande-tandvard\/","url":"https:\/\/www.m4tandklinik.se\/tandlakareilerum\/behandlingar-2\/forebyggande-tandvard\/","name":"F\u00f6rebyggande tandv\u00e5rd - Tandl\u00e4kare Mahnush Owji - M4 tandklinik","isPartOf":{"@id":"https:\/\/www.m4tandklinik.se\/tandlakareilerum\/#website"},"primaryImageOfPage":{"@id":"https:\/\/www.m4tandklinik.se\/tandlakareilerum\/behandlingar-2\/forebyggande-tandvard\/#primaryimage"},"image":{"@id":"https:\/\/www.m4tandklinik.se\/tandlakareilerum\/behandlingar-2\/forebyggande-tandvard\/#primaryimage"},"thumbnailUrl":"https:\/\/www.m4tandklinik.se\/wp-content\/uploads\/2016\/10\/orionthemes-featured-image-1.jpg","datePublished":"2016-10-09T11:37:25+00:00","dateModified":"2020-10-23T11:16:01+00:00","breadcrumb":{"@id":"https:\/\/www.m4tandklinik.se\/tandlakareilerum\/behandlingar-2\/forebyggande-tandvard\/#breadcrumb"},"inLanguage":"sv-SE","potentialAction":[{"@type":"ReadAction","target":["https:\/\/www.m4tandklinik.se\/tandlakareilerum\/behandlingar-2\/forebyggande-tandvard\/"]}]},{"@type":"ImageObject","inLanguage":"sv-SE","@id":"https:\/\/www.m4tandklinik.se\/tandlakareilerum\/behandlingar-2\/forebyggande-tandvard\/#primaryimage","url":"https:\/\/www.m4tandklinik.se\/wp-content\/uploads\/2016\/10\/orionthemes-featured-image-1.jpg","contentUrl":"https:\/\/www.m4tandklinik.se\/wp-content\/uploads\/2016\/10\/orionthemes-featured-image-1.jpg","width":1170,"height":780},{"@type":"BreadcrumbList","@id":"https:\/\/www.m4tandklinik.se\/tandlakareilerum\/behandlingar-2\/forebyggande-tandvard\/#breadcrumb","itemListElement":[{"@type":"ListItem","position":1,"name":"Hem","item":"https:\/\/www.m4tandklinik.se\/tandlakareilerum\/"},{"@type":"ListItem","position":2,"name":"Behandlingar","item":"https:\/\/www.m4tandklinik.se\/tandlakareilerum\/behandlingar-2\/"},{"@type":"ListItem","position":3,"name":"F\u00f6rebyggande tandv\u00e5rd"}]},{"@type":"WebSite","@id":"https:\/\/www.m4tandklinik.se\/tandlakareilerum\/#website","url":"https:\/\/www.m4tandklinik.se\/tandlakareilerum\/","name":"Tandl\u00e4kare Mahnush Owji - M4 tandklinik","description":"Tandl\u00e4kare i Lerum","publisher":{"@id":"https:\/\/www.m4tandklinik.se\/tandlakareilerum\/#organization"},"potentialAction":[{"@type":"SearchAction","target":{"@type":"EntryPoint","urlTemplate":"https:\/\/www.m4tandklinik.se\/tandlakareilerum\/?s={search_term_string}"},"query-input":{"@type":"PropertyValueSpecification","valueRequired":true,"valueName":"search_term_string"}}],"inLanguage":"sv-SE"},{"@type":"Organization","@id":"https:\/\/www.m4tandklinik.se\/tandlakareilerum\/#organization","name":"Tandl\u00e4kare Mahnush Owji - M4 tandklinik","url":"https:\/\/www.m4tandklinik.se\/tandlakareilerum\/","logo":{"@type":"ImageObject","inLanguage":"sv-SE","@id":"https:\/\/www.m4tandklinik.se\/tandlakareilerum\/#\/schema\/logo\/image\/","url":"https:\/\/www.m4tandklinik.se\/wp-content\/uploads\/2019\/04\/cropped-m4-just-logo.png","contentUrl":"https:\/\/www.m4tandklinik.se\/wp-content\/uploads\/2019\/04\/cropped-m4-just-logo.png","width":512,"height":512,"caption":"Tandl\u00e4kare Mahnush Owji - M4 tandklinik"},"image":{"@id":"https:\/\/www.m4tandklinik.se\/tandlakareilerum\/#\/schema\/logo\/image\/"},"sameAs":["https:\/\/www.facebook.com\/m4tandklinik","https:\/\/www.instagram.com\/m4tandklinik\/"]}]}},"_links":{"self":[{"href":"https:\/\/www.m4tandklinik.se\/tandlakareilerum\/wp-json\/wp\/v2\/pages\/1134","targetHints":{"allow":["GET"]}}],"collection":[{"href":"https:\/\/www.m4tandklinik.se\/tandlakareilerum\/wp-json\/wp\/v2\/pages"}],"about":[{"href":"https:\/\/www.m4tandklinik.se\/tandlakareilerum\/wp-json\/wp\/v2\/types\/page"}],"author":[{"embeddable":true,"href":"https:\/\/www.m4tandklinik.se\/tandlakareilerum\/wp-json\/wp\/v2\/users\/1"}],"replies":[{"embeddable":true,"href":"https:\/\/www.m4tandklinik.se\/tandlakareilerum\/wp-json\/wp\/v2\/comments?post=1134"}],"version-history":[{"count":12,"href":"https:\/\/www.m4tandklinik.se\/tandlakareilerum\/wp-json\/wp\/v2\/pages\/1134\/revisions"}],"predecessor-version":[{"id":5152,"href":"https:\/\/www.m4tandklinik.se\/tandlakareilerum\/wp-json\/wp\/v2\/pages\/1134\/revisions\/5152"}],"up":[{"embeddable":true,"href":"https:\/\/www.m4tandklinik.se\/tandlakareilerum\/wp-json\/wp\/v2\/pages\/1056"}],"wp:featuredmedia":[{"embeddable":true,"href":"https:\/\/www.m4tandklinik.se\/tandlakareilerum\/wp-json\/wp\/v2\/media\/2512"}],"wp:attachment":[{"href":"https:\/\/www.m4tandklinik.se\/tandlakareilerum\/wp-json\/wp\/v2\/media?parent=1134"}],"curies":[{"name":"wp","href":"https:\/\/api.w.org\/{rel}","templated":true}]}}