{"id":2165,"date":"2017-05-19T13:48:01","date_gmt":"2017-05-19T13:48:01","guid":{"rendered":"http:\/\/dentalia.orionthemes.com\/new-demos\/demo-1\/?page_id=2165"},"modified":"2024-04-24T14:59:08","modified_gmt":"2024-04-24T13:59:08","slug":"vilka-ar-vi","status":"publish","type":"page","link":"https:\/\/www.m4tandklinik.se\/tandlakareilerum\/vilka-ar-vi\/","title":{"rendered":"Vilka \u00e4r vi"},"content":{"rendered":"<div id=\"pl-2165\"  class=\"panel-layout\" ><div id=\"pg-2165-0\"  class=\"panel-grid panel-has-style\" ><div class=\"siteorigin-panels-stretch orion-separator bottom-svg-4 bottom-svg-outside divider-no-animation tablet-default mobile-1-in-row desktop-default custom panel-row-style panel-row-style-for-2165-0\" data-stretch-type=\"full\" data-svg-bottom-color=\"#f8f8f8\" ><div id=\"pgc-2165-0-0\"  class=\"panel-grid-cell\" ><div id=\"panel-2165-0-0-0\" class=\"so-panel widget widget_orion_team_w panel-first-child panel-last-child\" data-index=\"0\" ><div class=\"orion custom mobile-text-center tablets-text-center default panel-widget-style panel-widget-style-for-2165-0-0-0\" ><div\n\t\t\t\n\t\t\tclass=\"so-widget-orion_team_w so-widget-orion_team_w-base\"\n\t\t\t\n\t\t><div class=\"row team-members grid text-dark\">\r\n\r\n<div class=\"wrapper\">\r\n\r\n\t\r\n\t\t\t\t\t\t\t<article class=\"item col-md-6 col-sm-6\">\r\n\t\t\t<div class=\"wrap\" style=\"background-color: transparent\">\r\n\t\t\t\t<header class=\"entry-header \" >\r\n\t\t\t\t\t\t\t\t\t\t\t\t\t\t\t\t<a href=\"https:\/\/www.m4tandklinik.se\/tandlakareilerum\/team-member\/mahnush-owji\/\" class=\"image-wrap overlay-none overlay-hover-none scale-zoomout orion_carousel\">\r\n\t\t\t\t\t\t\t\t\t\t\t\t\t\t\t<img loading=\"lazy\" decoding=\"async\" width=\"480\" height=\"500\" src=\"https:\/\/www.m4tandklinik.se\/wp-content\/uploads\/2024\/04\/IMG_0307-1-480x500.jpg\" class=\"attachment-orion_carousel size-orion_carousel wp-post-image\" alt=\"\" \/>\t\t\t\t\t\t\t\t<div class=\"overlay\"><\/div>\r\n\t\t\t\t\t\t\t\t\t\t\t\t\t<\/a>\r\n\t\t\t\t\t\t\t\t\t\t\t\r\n\t\t\t\t<\/header>\t\r\n\t\t\t<div class=\"entry-content vcard text-dark no_bg_color no_border\">\r\n\t\t\t\t<div class=\"basic-info\">\r\n\t\t\t\t\t\r\n\t\t\t\t    \t\t\t\t\t\t<a title=\"Mahnush Owji\" class=\"secondary-hover\" href=\"https:\/\/www.m4tandklinik.se\/tandlakareilerum\/team-member\/mahnush-owji\/\"> <h2 class=\"item-title h5 text-dark\"> Mahnush Owji<\/h2>\r\n\t\t\t\t\t\t<\/a>\r\n\t\t\t\t\t\t\t\t\t\r\n\t\t\t\t\t\t\t\t\t\t\t\t\t\t\t\t<div class=\"additional-title small\">\r\n\t\t\t\t\t\t\tLeg. Tandl\u00e4kare\t\t\t\t\t\t<\/div>\r\n\t\t\t\t\t\r\n\t\t\t\t\t\t\t\t\t<\/div> \r\n\r\n\t\t\t\t\t\r\n\t\t\t<\/div>\r\n\t\t<\/div>\r\n\t\t<\/article>\r\n\t\t\t\t\t\t\t<article class=\"item col-md-6 col-sm-6\">\r\n\t\t\t<div class=\"wrap\" style=\"background-color: transparent\">\r\n\t\t\t\t<header class=\"entry-header \" >\r\n\t\t\t\t\t\t\t\t\t\t\t\t\t\t\t\t<a href=\"https:\/\/www.m4tandklinik.se\/tandlakareilerum\/team-member\/emelie-karlsson\/\" class=\"image-wrap overlay-none overlay-hover-none scale-zoomout orion_carousel\">\r\n\t\t\t\t\t\t\t\t\t\t\t\t\t\t\t<img loading=\"lazy\" decoding=\"async\" width=\"480\" height=\"500\" src=\"https:\/\/www.m4tandklinik.se\/wp-content\/uploads\/2024\/04\/IMG_0289-1-480x500.jpg\" class=\"attachment-orion_carousel size-orion_carousel wp-post-image\" alt=\"\" \/>\t\t\t\t\t\t\t\t<div class=\"overlay\"><\/div>\r\n\t\t\t\t\t\t\t\t\t\t\t\t\t<\/a>\r\n\t\t\t\t\t\t\t\t\t\t\t\r\n\t\t\t\t<\/header>\t\r\n\t\t\t<div class=\"entry-content vcard text-dark no_bg_color no_border\">\r\n\t\t\t\t<div class=\"basic-info\">\r\n\t\t\t\t\t\r\n\t\t\t\t    \t\t\t\t\t\t<a title=\"Emelie Karlsson\" class=\"secondary-hover\" href=\"https:\/\/www.m4tandklinik.se\/tandlakareilerum\/team-member\/emelie-karlsson\/\"> <h2 class=\"item-title h5 text-dark\"> Emelie Karlsson<\/h2>\r\n\t\t\t\t\t\t<\/a>\r\n\t\t\t\t\t\t\t\t\t\r\n\t\t\t\t\t\t\t\t\t\t\t\t\t\t\t\t<div class=\"additional-title small\">\r\n\t\t\t\t\t\t\tTandsk\u00f6terska\t\t\t\t\t\t<\/div>\r\n\t\t\t\t\t\r\n\t\t\t\t\t\t\t\t\t<\/div> \r\n\r\n\t\t\t\t\t\r\n\t\t\t<\/div>\r\n\t\t<\/div>\r\n\t\t<\/article>\r\n\t\r\n\t\t\r\n\t<\/div>\r\n<\/div>\t\r\n<\/div><\/div><\/div><\/div><\/div><\/div><\/div>","protected":false},"excerpt":{"rendered":"<p>Mahnush Owji Leg. Tandl\u00e4kare Emelie Karlsson Tandsk\u00f6terska<\/p>\n","protected":false},"author":1,"featured_media":0,"parent":0,"menu_order":0,"comment_status":"closed","ping_status":"closed","template":"","meta":{"footnotes":""},"class_list":["post-2165","page","type-page","status-publish","hentry"],"yoast_head":"<!-- This site is optimized with the Yoast SEO plugin v26.7 - https:\/\/yoast.com\/wordpress\/plugins\/seo\/ -->\n<title>Vilka \u00e4r vi - Tandl\u00e4kare Mahnush Owji - M4 tandklinik<\/title>\n<meta name=\"robots\" content=\"index, follow, max-snippet:-1, max-image-preview:large, max-video-preview:-1\" \/>\n<link rel=\"canonical\" href=\"https:\/\/www.m4tandklinik.se\/tandlakareilerum\/vilka-ar-vi\/\" \/>\n<meta property=\"og:locale\" content=\"sv_SE\" \/>\n<meta property=\"og:type\" content=\"article\" \/>\n<meta property=\"og:title\" content=\"Vilka \u00e4r vi - Tandl\u00e4kare Mahnush Owji - M4 tandklinik\" \/>\n<meta property=\"og:description\" content=\"Mahnush Owji Leg. Tandl\u00e4kare Emelie Karlsson Tandsk\u00f6terska\" \/>\n<meta property=\"og:url\" content=\"https:\/\/www.m4tandklinik.se\/tandlakareilerum\/vilka-ar-vi\/\" \/>\n<meta property=\"og:site_name\" content=\"Tandl\u00e4kare Mahnush Owji - M4 tandklinik\" \/>\n<meta property=\"article:publisher\" content=\"https:\/\/www.facebook.com\/m4tandklinik\" \/>\n<meta property=\"article:modified_time\" content=\"2024-04-24T13:59:08+00:00\" \/>\n<meta name=\"twitter:card\" content=\"summary_large_image\" \/>\n<meta name=\"twitter:label1\" content=\"Ber\u00e4knad l\u00e4stid\" \/>\n\t<meta name=\"twitter:data1\" content=\"1 minut\" \/>\n<script type=\"application\/ld+json\" class=\"yoast-schema-graph\">{\"@context\":\"https:\/\/schema.org\",\"@graph\":[{\"@type\":\"WebPage\",\"@id\":\"https:\/\/www.m4tandklinik.se\/tandlakareilerum\/vilka-ar-vi\/\",\"url\":\"https:\/\/www.m4tandklinik.se\/tandlakareilerum\/vilka-ar-vi\/\",\"name\":\"Vilka \u00e4r vi - Tandl\u00e4kare Mahnush Owji - M4 tandklinik\",\"isPartOf\":{\"@id\":\"https:\/\/www.m4tandklinik.se\/tandlakareilerum\/#website\"},\"datePublished\":\"2017-05-19T13:48:01+00:00\",\"dateModified\":\"2024-04-24T13:59:08+00:00\",\"breadcrumb\":{\"@id\":\"https:\/\/www.m4tandklinik.se\/tandlakareilerum\/vilka-ar-vi\/#breadcrumb\"},\"inLanguage\":\"sv-SE\",\"potentialAction\":[{\"@type\":\"ReadAction\",\"target\":[\"https:\/\/www.m4tandklinik.se\/tandlakareilerum\/vilka-ar-vi\/\"]}]},{\"@type\":\"BreadcrumbList\",\"@id\":\"https:\/\/www.m4tandklinik.se\/tandlakareilerum\/vilka-ar-vi\/#breadcrumb\",\"itemListElement\":[{\"@type\":\"ListItem\",\"position\":1,\"name\":\"Hem\",\"item\":\"https:\/\/www.m4tandklinik.se\/tandlakareilerum\/\"},{\"@type\":\"ListItem\",\"position\":2,\"name\":\"Vilka \u00e4r vi\"}]},{\"@type\":\"WebSite\",\"@id\":\"https:\/\/www.m4tandklinik.se\/tandlakareilerum\/#website\",\"url\":\"https:\/\/www.m4tandklinik.se\/tandlakareilerum\/\",\"name\":\"Tandl\u00e4kare Mahnush Owji - M4 tandklinik\",\"description\":\"Tandl\u00e4kare i Lerum\",\"publisher\":{\"@id\":\"https:\/\/www.m4tandklinik.se\/tandlakareilerum\/#organization\"},\"potentialAction\":[{\"@type\":\"SearchAction\",\"target\":{\"@type\":\"EntryPoint\",\"urlTemplate\":\"https:\/\/www.m4tandklinik.se\/tandlakareilerum\/?s={search_term_string}\"},\"query-input\":{\"@type\":\"PropertyValueSpecification\",\"valueRequired\":true,\"valueName\":\"search_term_string\"}}],\"inLanguage\":\"sv-SE\"},{\"@type\":\"Organization\",\"@id\":\"https:\/\/www.m4tandklinik.se\/tandlakareilerum\/#organization\",\"name\":\"Tandl\u00e4kare Mahnush Owji - M4 tandklinik\",\"url\":\"https:\/\/www.m4tandklinik.se\/tandlakareilerum\/\",\"logo\":{\"@type\":\"ImageObject\",\"inLanguage\":\"sv-SE\",\"@id\":\"https:\/\/www.m4tandklinik.se\/tandlakareilerum\/#\/schema\/logo\/image\/\",\"url\":\"https:\/\/www.m4tandklinik.se\/wp-content\/uploads\/2019\/04\/cropped-m4-just-logo.png\",\"contentUrl\":\"https:\/\/www.m4tandklinik.se\/wp-content\/uploads\/2019\/04\/cropped-m4-just-logo.png\",\"width\":512,\"height\":512,\"caption\":\"Tandl\u00e4kare Mahnush Owji - M4 tandklinik\"},\"image\":{\"@id\":\"https:\/\/www.m4tandklinik.se\/tandlakareilerum\/#\/schema\/logo\/image\/\"},\"sameAs\":[\"https:\/\/www.facebook.com\/m4tandklinik\",\"https:\/\/www.instagram.com\/m4tandklinik\/\"]}]}<\/script>\n<!-- \/ Yoast SEO plugin. -->","yoast_head_json":{"title":"Vilka \u00e4r vi - Tandl\u00e4kare Mahnush Owji - M4 tandklinik","robots":{"index":"index","follow":"follow","max-snippet":"max-snippet:-1","max-image-preview":"max-image-preview:large","max-video-preview":"max-video-preview:-1"},"canonical":"https:\/\/www.m4tandklinik.se\/tandlakareilerum\/vilka-ar-vi\/","og_locale":"sv_SE","og_type":"article","og_title":"Vilka \u00e4r vi - Tandl\u00e4kare Mahnush Owji - M4 tandklinik","og_description":"Mahnush Owji Leg. Tandl\u00e4kare Emelie Karlsson Tandsk\u00f6terska","og_url":"https:\/\/www.m4tandklinik.se\/tandlakareilerum\/vilka-ar-vi\/","og_site_name":"Tandl\u00e4kare Mahnush Owji - M4 tandklinik","article_publisher":"https:\/\/www.facebook.com\/m4tandklinik","article_modified_time":"2024-04-24T13:59:08+00:00","twitter_card":"summary_large_image","twitter_misc":{"Ber\u00e4knad l\u00e4stid":"1 minut"},"schema":{"@context":"https:\/\/schema.org","@graph":[{"@type":"WebPage","@id":"https:\/\/www.m4tandklinik.se\/tandlakareilerum\/vilka-ar-vi\/","url":"https:\/\/www.m4tandklinik.se\/tandlakareilerum\/vilka-ar-vi\/","name":"Vilka \u00e4r vi - Tandl\u00e4kare Mahnush Owji - M4 tandklinik","isPartOf":{"@id":"https:\/\/www.m4tandklinik.se\/tandlakareilerum\/#website"},"datePublished":"2017-05-19T13:48:01+00:00","dateModified":"2024-04-24T13:59:08+00:00","breadcrumb":{"@id":"https:\/\/www.m4tandklinik.se\/tandlakareilerum\/vilka-ar-vi\/#breadcrumb"},"inLanguage":"sv-SE","potentialAction":[{"@type":"ReadAction","target":["https:\/\/www.m4tandklinik.se\/tandlakareilerum\/vilka-ar-vi\/"]}]},{"@type":"BreadcrumbList","@id":"https:\/\/www.m4tandklinik.se\/tandlakareilerum\/vilka-ar-vi\/#breadcrumb","itemListElement":[{"@type":"ListItem","position":1,"name":"Hem","item":"https:\/\/www.m4tandklinik.se\/tandlakareilerum\/"},{"@type":"ListItem","position":2,"name":"Vilka \u00e4r vi"}]},{"@type":"WebSite","@id":"https:\/\/www.m4tandklinik.se\/tandlakareilerum\/#website","url":"https:\/\/www.m4tandklinik.se\/tandlakareilerum\/","name":"Tandl\u00e4kare Mahnush Owji - M4 tandklinik","description":"Tandl\u00e4kare i Lerum","publisher":{"@id":"https:\/\/www.m4tandklinik.se\/tandlakareilerum\/#organization"},"potentialAction":[{"@type":"SearchAction","target":{"@type":"EntryPoint","urlTemplate":"https:\/\/www.m4tandklinik.se\/tandlakareilerum\/?s={search_term_string}"},"query-input":{"@type":"PropertyValueSpecification","valueRequired":true,"valueName":"search_term_string"}}],"inLanguage":"sv-SE"},{"@type":"Organization","@id":"https:\/\/www.m4tandklinik.se\/tandlakareilerum\/#organization","name":"Tandl\u00e4kare Mahnush Owji - M4 tandklinik","url":"https:\/\/www.m4tandklinik.se\/tandlakareilerum\/","logo":{"@type":"ImageObject","inLanguage":"sv-SE","@id":"https:\/\/www.m4tandklinik.se\/tandlakareilerum\/#\/schema\/logo\/image\/","url":"https:\/\/www.m4tandklinik.se\/wp-content\/uploads\/2019\/04\/cropped-m4-just-logo.png","contentUrl":"https:\/\/www.m4tandklinik.se\/wp-content\/uploads\/2019\/04\/cropped-m4-just-logo.png","width":512,"height":512,"caption":"Tandl\u00e4kare Mahnush Owji - M4 tandklinik"},"image":{"@id":"https:\/\/www.m4tandklinik.se\/tandlakareilerum\/#\/schema\/logo\/image\/"},"sameAs":["https:\/\/www.facebook.com\/m4tandklinik","https:\/\/www.instagram.com\/m4tandklinik\/"]}]}},"_links":{"self":[{"href":"https:\/\/www.m4tandklinik.se\/tandlakareilerum\/wp-json\/wp\/v2\/pages\/2165","targetHints":{"allow":["GET"]}}],"collection":[{"href":"https:\/\/www.m4tandklinik.se\/tandlakareilerum\/wp-json\/wp\/v2\/pages"}],"about":[{"href":"https:\/\/www.m4tandklinik.se\/tandlakareilerum\/wp-json\/wp\/v2\/types\/page"}],"author":[{"embeddable":true,"href":"https:\/\/www.m4tandklinik.se\/tandlakareilerum\/wp-json\/wp\/v2\/users\/1"}],"replies":[{"embeddable":true,"href":"https:\/\/www.m4tandklinik.se\/tandlakareilerum\/wp-json\/wp\/v2\/comments?post=2165"}],"version-history":[{"count":161,"href":"https:\/\/www.m4tandklinik.se\/tandlakareilerum\/wp-json\/wp\/v2\/pages\/2165\/revisions"}],"predecessor-version":[{"id":6160,"href":"https:\/\/www.m4tandklinik.se\/tandlakareilerum\/wp-json\/wp\/v2\/pages\/2165\/revisions\/6160"}],"wp:attachment":[{"href":"https:\/\/www.m4tandklinik.se\/tandlakareilerum\/wp-json\/wp\/v2\/media?parent=2165"}],"curies":[{"name":"wp","href":"https:\/\/api.w.org\/{rel}","templated":true}]}}