{"id":2391,"date":"2017-05-23T10:05:48","date_gmt":"2017-05-23T10:05:48","guid":{"rendered":"http:\/\/dentalia.orionthemes.com\/new-demos\/demo-1\/?page_id=2391"},"modified":"2026-01-07T21:41:41","modified_gmt":"2026-01-07T20:41:41","slug":"var-klinik","status":"publish","type":"page","link":"https:\/\/www.m4tandklinik.se\/tandlakareilerum\/var-klinik\/","title":{"rendered":"V\u00e5r klinik"},"content":{"rendered":"<div id=\"pl-2391\"  class=\"panel-layout\" ><div id=\"pg-2391-0\"  class=\"panel-grid panel-has-style\" ><div class=\"siteorigin-panels-stretch divider-no-animation tablet-1-in-row mobile-1-in-row desktop-default bg-c3 panel-row-style panel-row-style-for-2391-0\" data-stretch-type=\"full-width-stretch\" ><div id=\"pgc-2391-0-0\"  class=\"panel-grid-cell\" ><div class=\"panel-cell-style panel-cell-style-for-2391-0-0\" ><div id=\"panel-2391-0-0-0\" class=\"so-panel widget widget_orion_heading_w panel-first-child\" data-index=\"0\" ><div class=\"orion mobile-text-center default panel-widget-style panel-widget-style-for-2391-0-0-0\" ><div\n\t\t\t\n\t\t\tclass=\"so-widget-orion_heading_w so-widget-orion_heading_w-base\"\n\t\t\t\n\t\t> \r\n\t\t\t<div class=\"row orion-heading\" style=\"margin-bottom:0px;\">\r\n\t\t<div class=\"col-md-12   text-center style-h2 style-text-light\">\r\n\t\t\t<h2 class=\"text-light\">\r\n\t\t\t\t<strong>Vi \u00e4r M4 tandklinik<\/strong>\t\t\t<\/h2>\r\n\t\t<\/div>\r\n\t<\/div>\r\n\r\n\t<\/div><\/div><\/div><div id=\"panel-2391-0-0-1\" class=\"so-panel widget widget_sow-editor\" data-index=\"1\" ><div class=\"orion mobile-text-center text-light panel-widget-style panel-widget-style-for-2391-0-0-1\" ><div\n\t\t\t\n\t\t\tclass=\"so-widget-sow-editor so-widget-sow-editor-base\"\n\t\t\t\n\t\t>\n<div class=\"siteorigin-widget-tinymce textwidget\">\n\t<h5 style=\"text-align: center;\">En modern och hemtrevlig klinik.<\/h5>\n<\/div>\n<\/div><\/div><\/div><div id=\"panel-2391-0-0-2\" class=\"so-panel widget widget_sow-editor panel-last-child\" data-index=\"2\" ><div class=\"orion custom mobile-text-center text-light panel-widget-style panel-widget-style-for-2391-0-0-2\" ><div\n\t\t\t\n\t\t\tclass=\"so-widget-sow-editor so-widget-sow-editor-base\"\n\t\t\t\n\t\t>\n<div class=\"siteorigin-widget-tinymce textwidget\">\n\t<p style=\"text-align: center;\">Vi \u00e4r m\u00e5na om att du ska k\u00e4nna dig trygg och avslappnad och f\u00e5 den b\u00e4sta v\u00e5rden i en lugn atmosf\u00e4r.<\/p>\n<\/div>\n<\/div><\/div><\/div><\/div><\/div><\/div><\/div><div id=\"pg-2391-1\"  class=\"panel-grid panel-has-style\" ><div class=\"siteorigin-panels-stretch divider-no-animation tablet-1-in-row mobile-1-in-row desktop-default custom panel-row-style panel-row-style-for-2391-1\" data-stretch-type=\"full-width-stretch\" ><div id=\"pgc-2391-1-0\"  class=\"panel-grid-cell\" ><div id=\"panel-2391-1-0-0\" class=\"so-panel widget widget_orion_simple_gallery panel-first-child panel-last-child\" data-index=\"3\" ><div class=\"orion custom mobile-text-center tablets-text-center default panel-widget-style panel-widget-style-for-2391-1-0-0\" ><div\n\t\t\t\n\t\t\tclass=\"so-widget-orion_simple_gallery so-widget-orion_simple_gallery-base\"\n\t\t\t\n\t\t><div class=\"row orion-simple-gallery carousel\">\r\n\r\n\r\n\t<div class=\"wrapper type-none\">\t\r\n\t\t\t\t\t\r\n\t\t\r\n\r\n\t\t<div class=\"owl-carousel owl-theme clearfix\" data-col=\"1\" data-autoplay=\"true\" data-autoplaytimeout=3002 data-dots=\"\">\r\n\r\n\t\t\t\t\t\t\t\t\t\t\t\t\t\t\t\t<div class=\"item col-md-12\">\r\n\t\t\t\t<div class=\"image-w relative\">\r\n\r\n\t\t\t\t\t\t\t\t\t\t\t\t\t<div class=\" overlay-none overlay-hover-none scale-none\">\r\n\t\t\t\t\t\t\t\t\t\t\t\t\t\r\n\t\t\t\t\t\t\t\t\t\t\t\t\t<img loading=\"lazy\" decoding=\"async\" width=\"750\" height=\"500\" src=\"https:\/\/www.m4tandklinik.se\/wp-content\/uploads\/2019\/04\/ZY-Photo-2018-10-19-00000054-750x500.jpg\" class=\"attachment-orion_carousel size-orion_carousel\" alt=\"\" \/>\t\t\t\t\t\t\t<div class=\"overlay\"><\/div>\r\n\t\t\t\t\t\t\r\n\t\t\t\t\t\t\t\t\t\t\t\t\t<\/div>\r\n\t\t\t\t\t\t\t\r\n\t\t\t\t\t\r\n\t\t\t\t\t<div class=\"absolute\">\r\n\t\t\t\t\t\t\r\n\t\t\t\t\t<\/div>\t\t\t\t\t\r\n\t\t\t\t<\/div>\r\n\t\t\t<\/div>\r\n\t\t\t\t\t\t\t\t<div class=\"item col-md-12\">\r\n\t\t\t\t<div class=\"image-w relative\">\r\n\r\n\t\t\t\t\t\t\t\t\t\t\t\t\t<div class=\" overlay-none overlay-hover-none scale-none\">\r\n\t\t\t\t\t\t\t\t\t\t\t\t\t\r\n\t\t\t\t\t\t\t\t\t\t\t\t\t<img loading=\"lazy\" decoding=\"async\" width=\"750\" height=\"500\" src=\"https:\/\/www.m4tandklinik.se\/wp-content\/uploads\/2019\/04\/ZY-Photo-2018-10-19-00000039-750x500.jpg\" class=\"attachment-orion_carousel size-orion_carousel\" alt=\"\" \/>\t\t\t\t\t\t\t<div class=\"overlay\"><\/div>\r\n\t\t\t\t\t\t\r\n\t\t\t\t\t\t\t\t\t\t\t\t\t<\/div>\r\n\t\t\t\t\t\t\t\r\n\t\t\t\t\t\r\n\t\t\t\t\t<div class=\"absolute\">\r\n\t\t\t\t\t\t\r\n\t\t\t\t\t<\/div>\t\t\t\t\t\r\n\t\t\t\t<\/div>\r\n\t\t\t<\/div>\r\n\t\t\t\t\t\t\t\t<div class=\"item col-md-12\">\r\n\t\t\t\t<div class=\"image-w relative\">\r\n\r\n\t\t\t\t\t\t\t\t\t\t\t\t\t<div class=\" overlay-none overlay-hover-none scale-none\">\r\n\t\t\t\t\t\t\t\t\t\t\t\t\t\r\n\t\t\t\t\t\t\t\t\t\t\t\t\t<img loading=\"lazy\" decoding=\"async\" width=\"750\" height=\"500\" src=\"https:\/\/www.m4tandklinik.se\/wp-content\/uploads\/2019\/04\/ZY-Photo-2018-10-19-00000052-750x500.jpg\" class=\"attachment-orion_carousel size-orion_carousel\" alt=\"\" \/>\t\t\t\t\t\t\t<div class=\"overlay\"><\/div>\r\n\t\t\t\t\t\t\r\n\t\t\t\t\t\t\t\t\t\t\t\t\t<\/div>\r\n\t\t\t\t\t\t\t\r\n\t\t\t\t\t\r\n\t\t\t\t\t<div class=\"absolute\">\r\n\t\t\t\t\t\t\r\n\t\t\t\t\t<\/div>\t\t\t\t\t\r\n\t\t\t\t<\/div>\r\n\t\t\t<\/div>\r\n\t\t\t\t\t\t\t\t<div class=\"item col-md-12\">\r\n\t\t\t\t<div class=\"image-w relative\">\r\n\r\n\t\t\t\t\t\t\t\t\t\t\t\t\t<div class=\" overlay-none overlay-hover-none scale-none\">\r\n\t\t\t\t\t\t\t\t\t\t\t\t\t\r\n\t\t\t\t\t\t\t\t\t\t\t\t\t<img loading=\"lazy\" decoding=\"async\" width=\"750\" height=\"500\" src=\"https:\/\/www.m4tandklinik.se\/wp-content\/uploads\/2019\/04\/ZY-Photo-2018-10-19-00000036-750x500.jpg\" class=\"attachment-orion_carousel size-orion_carousel\" alt=\"\" \/>\t\t\t\t\t\t\t<div class=\"overlay\"><\/div>\r\n\t\t\t\t\t\t\r\n\t\t\t\t\t\t\t\t\t\t\t\t\t<\/div>\r\n\t\t\t\t\t\t\t\r\n\t\t\t\t\t\r\n\t\t\t\t\t<div class=\"absolute\">\r\n\t\t\t\t\t\t\r\n\t\t\t\t\t<\/div>\t\t\t\t\t\r\n\t\t\t\t<\/div>\r\n\t\t\t<\/div>\r\n\t\t\t\t\t\t\t\t<div class=\"item col-md-12\">\r\n\t\t\t\t<div class=\"image-w relative\">\r\n\r\n\t\t\t\t\t\t\t\t\t\t\t\t\t<div class=\" overlay-none overlay-hover-none scale-none\">\r\n\t\t\t\t\t\t\t\t\t\t\t\t\t\r\n\t\t\t\t\t\t\t\t\t\t\t\t\t<img loading=\"lazy\" decoding=\"async\" width=\"640\" height=\"480\" src=\"https:\/\/www.m4tandklinik.se\/wp-content\/uploads\/2024\/04\/IMG_0304.jpg\" class=\"attachment-orion_carousel size-orion_carousel\" alt=\"\" \/>\t\t\t\t\t\t\t<div class=\"overlay\"><\/div>\r\n\t\t\t\t\t\t\r\n\t\t\t\t\t\t\t\t\t\t\t\t\t<\/div>\r\n\t\t\t\t\t\t\t\r\n\t\t\t\t\t\r\n\t\t\t\t\t<div class=\"absolute\">\r\n\t\t\t\t\t\t\r\n\t\t\t\t\t<\/div>\t\t\t\t\t\r\n\t\t\t\t<\/div>\r\n\t\t\t<\/div>\r\n\t\t\t\t\r\n\t\t\t\t\t<\/div>\r\n\t\t\t\t\t\t\t\r\n\t\t\t\t\t\t\t\r\n\r\n\t\t\r\n\t<\/div>\r\n<\/div><\/div><\/div><\/div><\/div><div id=\"pgc-2391-1-1\"  class=\"panel-grid-cell\" ><div class=\"panel-cell-style panel-cell-style-for-2391-1-1\" ><div id=\"panel-2391-1-1-0\" class=\"so-panel widget widget_orion_heading_w panel-first-child\" data-index=\"4\" ><div class=\"orion mobile-text-center default panel-widget-style panel-widget-style-for-2391-1-1-0\" ><div\n\t\t\t\n\t\t\tclass=\"so-widget-orion_heading_w so-widget-orion_heading_w-base\"\n\t\t\t\n\t\t> \r\n\t\t\t<div class=\"row orion-heading\" style=\"margin-bottom:0px;\">\r\n\t\t<div class=\"col-md-12  separator-style-2 text-center style-h2 style-text-dark\">\r\n\t\t\t<h2 class=\"text-dark\">\r\n\t\t\t\tVarf\u00f6r v\u00e4lja oss\t\t\t<\/h2>\r\n\t\t<\/div>\r\n\t<\/div>\r\n\r\n\t<\/div><\/div><\/div><div id=\"panel-2391-1-1-1\" class=\"so-panel widget widget_orion_list_w panel-last-child\" data-index=\"5\" ><div class=\"orion custom mobile-text-center tablets-text-center remove-margin-mobile default panel-widget-style panel-widget-style-for-2391-1-1-1\" ><div\n\t\t\t\n\t\t\tclass=\"so-widget-orion_list_w so-widget-orion_list_w-base\"\n\t\t\t\n\t\t><div class=\"row button-wrap\">\r\n\t\r\n\t<div class=\"list-wrap col-md-12\">\r\n\t\t<ul class=\"no-liststyle size-normal\" style=\"background:transparent\">\r\n\t\t\t\t\r\n\t\t<li class=\"text-default\" style='padding-bottom:24px;'>\r\n\t\t\t\t\t\t\t<span class=\"icon\">\r\n\t\t\t\t\t<span class=\"sow-icon-fontawesome sow-far\" data-sow-icon=\"&#xf14a;\"\n\t\tstyle=\"color: #13597c\" \n\t\taria-hidden=\"true\"><\/span>\t\t\t\t<\/span>\r\n\t\t\t\t\t\t\t<div class=\"wrapper\">\r\n\t\t\t\t\tTrivsam och lugn milj\u00f6\t\t\t\t<\/div>\r\n\t\t<\/li>\t\r\n\r\n\t\t\t\t\r\n\t\t<li class=\"text-default\" style='padding-bottom:24px;'>\r\n\t\t\t\t\t\t\t<span class=\"icon\">\r\n\t\t\t\t\t<span class=\"sow-icon-fontawesome sow-far\" data-sow-icon=\"&#xf14a;\"\n\t\tstyle=\"color: #13597c\" \n\t\taria-hidden=\"true\"><\/span>\t\t\t\t<\/span>\r\n\t\t\t\t\t\t\t<div class=\"wrapper\">\r\n\t\t\t\t\tInga l\u00e5nga v\u00e4ntetider\t\t\t\t<\/div>\r\n\t\t<\/li>\t\r\n\r\n\t\t\t\t\r\n\t\t<li class=\"text-default\" style='padding-bottom:24px;'>\r\n\t\t\t\t\t\t\t<span class=\"icon\">\r\n\t\t\t\t\t<span class=\"sow-icon-fontawesome sow-far\" data-sow-icon=\"&#xf14a;\"\n\t\tstyle=\"color: #13597c\" \n\t\taria-hidden=\"true\"><\/span>\t\t\t\t<\/span>\r\n\t\t\t\t\t\t\t<div class=\"wrapper\">\r\n\t\t\t\t\tModern utrusning\t\t\t\t<\/div>\r\n\t\t<\/li>\t\r\n\r\n\t\t\t\t\r\n\t\t<li class=\"text-default\" style='padding-bottom:24px;'>\r\n\t\t\t\t\t\t\t<span class=\"icon\">\r\n\t\t\t\t\t<span class=\"sow-icon-fontawesome sow-far\" data-sow-icon=\"&#xf14a;\"\n\t\tstyle=\"color: #13597c\" \n\t\taria-hidden=\"true\"><\/span>\t\t\t\t<\/span>\r\n\t\t\t\t\t\t\t<div class=\"wrapper\">\r\n\t\t\t\t\tDigitalr\u00f6ntgen\t\t\t\t<\/div>\r\n\t\t<\/li>\t\r\n\r\n\t\t\t\t\r\n\t\t<li class=\"text-default\" style='padding-bottom:24px;'>\r\n\t\t\t\t\t\t\t<span class=\"icon\">\r\n\t\t\t\t\t<span class=\"sow-icon-fontawesome sow-far\" data-sow-icon=\"&#xf14a;\"\n\t\tstyle=\"color: #13597c\" \n\t\taria-hidden=\"true\"><\/span>\t\t\t\t<\/span>\r\n\t\t\t\t\t\t\t<div class=\"wrapper\">\r\n\t\t\t\t\tKirurgisk Laser\t\t\t\t<\/div>\r\n\t\t<\/li>\t\r\n\r\n\t\t\t<\/ul>\r\n\t<\/div>\r\n<\/div><\/div><\/div><\/div><\/div><\/div><\/div><\/div><div id=\"pg-2391-2\"  class=\"panel-grid panel-has-style\" ><div class=\"siteorigin-panels-stretch divider-no-animation tablet-default mobile-1-in-row desktop-default overlay-c3 bg-c3 panel-row-style panel-row-style-for-2391-2\" data-stretch-type=\"full-width-stretch\" ><div id=\"pgc-2391-2-0\"  class=\"panel-grid-cell\" ><div id=\"panel-2391-2-0-0\" class=\"so-panel widget widget_orion_features_w panel-first-child panel-last-child\" data-index=\"6\" ><div class=\"orion custom default panel-widget-style panel-widget-style-for-2391-2-0-0\" ><div\n\t\t\t\n\t\t\tclass=\"so-widget-orion_features_w so-widget-orion_features_w-base\"\n\t\t\t\n\t\t>\r\n<div class=\"features-wrap\">\r\n\t<div class=\"table-wrap\">\r\n\t\t\t\t\t\t\r\n\t\t\t\t\t\t\r\n\t\t\t<div class=\"feature-item clearfix text-center col-md-4 col-sm-6 text-light\" >\r\n\t\t\t\t<div class=\"overflow-hidden\">\r\n\t\t\t\t\t<div class=\"feature-item-wrap table-wrap \">\t\t\r\n\t\t\t\t\t\t<div class=\"overlay-wrap\" style=\"background-color: transparent;\">\r\n\t\t\t\t\t\t<\/div>\r\n\t\t\t\t\t\t<div class=\"image-overlay-wrap\">\r\n\t\t\t\t\t\t<\/div>\r\n\t\t\t\t\t\t<div class=\"table-cell\" style=\"height:240px;\">\r\n\t\t\t\t\t\t\t<div class=\"header\">\r\n\t\t\t\t\t\t\t\t<span class=\"sow-icon-dentalicons2\" data-sow-icon=\"&#xe917;\"\n\t\tstyle=\"color: #ffffff\" \n\t\taria-hidden=\"true\"><\/span><a class=\"white-hover\" href=\"https:\/\/www.m4tandklinik.se\/tandlakareilerum\/behandlingar-2\/\"><h4 class=\"item-title h5 white-hover\">V\u00e5ra behandlingar<\/h4><\/a>\t\t\t\t\t\t\t<\/div>\r\n\t\t\t\t\t\t\t<div class=\"footer\">\r\n\t\t\t\t\t\t\t\t<p>\r\n\t\t\t\t\t\t\t\t\t\t\t\t\t\t\t\t\t<\/p>\t\r\n\t\t\t\t\t\t\t\t\t\t\t\t\t\t\t\t<a  href=\"https:\/\/www.m4tandklinik.se\/tandlakareilerum\/behandlingar-2\/\" class=\"btn btn btn-white btn-wire btn-sm\" aria-label=\"L\u00e4s mer\">L\u00e4s mer<\/a>\r\n\t\t\t\t\t\t\t\t\t\t\t\t\t\t\t<\/div>\r\n\t\t\t\t\t\t<\/div>\r\n\t\t\t\t\t<\/div>\r\n\t\t\t\t<\/div>\r\n\r\n\t\t\t<\/div>\r\n\t\t\t\t\t\r\n\t\t\t\t\t\t\r\n\t\t\t<div class=\"feature-item clearfix text-center col-md-4 col-sm-6 text-light\" >\r\n\t\t\t\t<div class=\"overflow-hidden\">\r\n\t\t\t\t\t<div class=\"feature-item-wrap table-wrap \">\t\t\r\n\t\t\t\t\t\t<div class=\"overlay-wrap\" style=\"background-color: transparent;\">\r\n\t\t\t\t\t\t<\/div>\r\n\t\t\t\t\t\t<div class=\"image-overlay-wrap\">\r\n\t\t\t\t\t\t<\/div>\r\n\t\t\t\t\t\t<div class=\"table-cell\" style=\"height:240px;\">\r\n\t\t\t\t\t\t\t<div class=\"header\">\r\n\t\t\t\t\t\t\t\t<span class=\"sow-icon-dentalicons2\" data-sow-icon=\"&#xe91d;\"\n\t\tstyle=\"color: #fff\" \n\t\taria-hidden=\"true\"><\/span><a class=\"white-hover\" href=\"https:\/\/www.m4tandklinik.se\/tandlakareilerum\/dental-faqs\/\"><h4 class=\"item-title h5 white-hover\">Fr\u00e5gor och svar<\/h4><\/a>\t\t\t\t\t\t\t<\/div>\r\n\t\t\t\t\t\t\t<div class=\"footer\">\r\n\t\t\t\t\t\t\t\t<p>\r\n\t\t\t\t\t\t\t\t\t\t\t\t\t\t\t\t\t<\/p>\t\r\n\t\t\t\t\t\t\t\t\t\t\t\t\t\t\t\t<a  href=\"https:\/\/www.m4tandklinik.se\/tandlakareilerum\/dental-faqs\/\" class=\"btn btn btn-white btn-wire btn-sm\" aria-label=\"L\u00e4s mer\">L\u00e4s mer<\/a>\r\n\t\t\t\t\t\t\t\t\t\t\t\t\t\t\t<\/div>\r\n\t\t\t\t\t\t<\/div>\r\n\t\t\t\t\t<\/div>\r\n\t\t\t\t<\/div>\r\n\r\n\t\t\t<\/div>\r\n\t\t\t\t<\/div>\r\n\r\n<\/div><\/div><\/div><\/div><\/div><\/div><\/div><\/div>","protected":false},"excerpt":{"rendered":"<p>En modern och hemtrevlig klinik. Vi \u00e4r m\u00e5na om att du ska k\u00e4nna dig trygg och avslappnad och f\u00e5 den b\u00e4sta v\u00e5rden i en lugn atmosf\u00e4r.<\/p>\n","protected":false},"author":1,"featured_media":2646,"parent":0,"menu_order":0,"comment_status":"closed","ping_status":"closed","template":"","meta":{"footnotes":""},"class_list":["post-2391","page","type-page","status-publish","has-post-thumbnail","hentry"],"yoast_head":"<!-- This site is optimized with the Yoast SEO plugin v26.7 - https:\/\/yoast.com\/wordpress\/plugins\/seo\/ -->\n<title>V\u00e5r klinik - Tandl\u00e4kare Mahnush Owji - M4 tandklinik<\/title>\n<meta name=\"robots\" content=\"index, follow, max-snippet:-1, max-image-preview:large, max-video-preview:-1\" \/>\n<link rel=\"canonical\" href=\"https:\/\/www.m4tandklinik.se\/tandlakareilerum\/var-klinik\/\" \/>\n<meta property=\"og:locale\" content=\"sv_SE\" \/>\n<meta property=\"og:type\" content=\"article\" \/>\n<meta property=\"og:title\" content=\"V\u00e5r klinik - Tandl\u00e4kare Mahnush Owji - M4 tandklinik\" \/>\n<meta property=\"og:description\" content=\"En modern och hemtrevlig klinik. Vi \u00e4r m\u00e5na om att du ska k\u00e4nna dig trygg och avslappnad och f\u00e5 den b\u00e4sta v\u00e5rden i en lugn atmosf\u00e4r.\" \/>\n<meta property=\"og:url\" content=\"https:\/\/www.m4tandklinik.se\/tandlakareilerum\/var-klinik\/\" \/>\n<meta property=\"og:site_name\" content=\"Tandl\u00e4kare Mahnush Owji - M4 tandklinik\" \/>\n<meta property=\"article:publisher\" content=\"https:\/\/www.facebook.com\/m4tandklinik\" \/>\n<meta property=\"article:modified_time\" content=\"2026-01-07T20:41:41+00:00\" \/>\n<meta property=\"og:image\" content=\"https:\/\/www.m4tandklinik.se\/wp-content\/uploads\/2019\/04\/ZY-Photo-2018-10-19-00000054-1024x576.jpg\" \/>\n\t<meta property=\"og:image:width\" content=\"1024\" \/>\n\t<meta property=\"og:image:height\" content=\"576\" \/>\n\t<meta property=\"og:image:type\" content=\"image\/jpeg\" \/>\n<meta name=\"twitter:card\" content=\"summary_large_image\" \/>\n<meta name=\"twitter:label1\" content=\"Ber\u00e4knad l\u00e4stid\" \/>\n\t<meta name=\"twitter:data1\" content=\"2 minuter\" \/>\n<script type=\"application\/ld+json\" class=\"yoast-schema-graph\">{\"@context\":\"https:\/\/schema.org\",\"@graph\":[{\"@type\":\"WebPage\",\"@id\":\"https:\/\/www.m4tandklinik.se\/tandlakareilerum\/var-klinik\/\",\"url\":\"https:\/\/www.m4tandklinik.se\/tandlakareilerum\/var-klinik\/\",\"name\":\"V\u00e5r klinik - Tandl\u00e4kare Mahnush Owji - M4 tandklinik\",\"isPartOf\":{\"@id\":\"https:\/\/www.m4tandklinik.se\/tandlakareilerum\/#website\"},\"primaryImageOfPage\":{\"@id\":\"https:\/\/www.m4tandklinik.se\/tandlakareilerum\/var-klinik\/#primaryimage\"},\"image\":{\"@id\":\"https:\/\/www.m4tandklinik.se\/tandlakareilerum\/var-klinik\/#primaryimage\"},\"thumbnailUrl\":\"https:\/\/www.m4tandklinik.se\/wp-content\/uploads\/2019\/04\/ZY-Photo-2018-10-19-00000054.jpg\",\"datePublished\":\"2017-05-23T10:05:48+00:00\",\"dateModified\":\"2026-01-07T20:41:41+00:00\",\"breadcrumb\":{\"@id\":\"https:\/\/www.m4tandklinik.se\/tandlakareilerum\/var-klinik\/#breadcrumb\"},\"inLanguage\":\"sv-SE\",\"potentialAction\":[{\"@type\":\"ReadAction\",\"target\":[\"https:\/\/www.m4tandklinik.se\/tandlakareilerum\/var-klinik\/\"]}]},{\"@type\":\"ImageObject\",\"inLanguage\":\"sv-SE\",\"@id\":\"https:\/\/www.m4tandklinik.se\/tandlakareilerum\/var-klinik\/#primaryimage\",\"url\":\"https:\/\/www.m4tandklinik.se\/wp-content\/uploads\/2019\/04\/ZY-Photo-2018-10-19-00000054.jpg\",\"contentUrl\":\"https:\/\/www.m4tandklinik.se\/wp-content\/uploads\/2019\/04\/ZY-Photo-2018-10-19-00000054.jpg\",\"width\":3840,\"height\":2160},{\"@type\":\"BreadcrumbList\",\"@id\":\"https:\/\/www.m4tandklinik.se\/tandlakareilerum\/var-klinik\/#breadcrumb\",\"itemListElement\":[{\"@type\":\"ListItem\",\"position\":1,\"name\":\"Hem\",\"item\":\"https:\/\/www.m4tandklinik.se\/tandlakareilerum\/\"},{\"@type\":\"ListItem\",\"position\":2,\"name\":\"V\u00e5r klinik\"}]},{\"@type\":\"WebSite\",\"@id\":\"https:\/\/www.m4tandklinik.se\/tandlakareilerum\/#website\",\"url\":\"https:\/\/www.m4tandklinik.se\/tandlakareilerum\/\",\"name\":\"Tandl\u00e4kare Mahnush Owji - M4 tandklinik\",\"description\":\"Tandl\u00e4kare i Lerum\",\"publisher\":{\"@id\":\"https:\/\/www.m4tandklinik.se\/tandlakareilerum\/#organization\"},\"potentialAction\":[{\"@type\":\"SearchAction\",\"target\":{\"@type\":\"EntryPoint\",\"urlTemplate\":\"https:\/\/www.m4tandklinik.se\/tandlakareilerum\/?s={search_term_string}\"},\"query-input\":{\"@type\":\"PropertyValueSpecification\",\"valueRequired\":true,\"valueName\":\"search_term_string\"}}],\"inLanguage\":\"sv-SE\"},{\"@type\":\"Organization\",\"@id\":\"https:\/\/www.m4tandklinik.se\/tandlakareilerum\/#organization\",\"name\":\"Tandl\u00e4kare Mahnush Owji - M4 tandklinik\",\"url\":\"https:\/\/www.m4tandklinik.se\/tandlakareilerum\/\",\"logo\":{\"@type\":\"ImageObject\",\"inLanguage\":\"sv-SE\",\"@id\":\"https:\/\/www.m4tandklinik.se\/tandlakareilerum\/#\/schema\/logo\/image\/\",\"url\":\"https:\/\/www.m4tandklinik.se\/wp-content\/uploads\/2019\/04\/cropped-m4-just-logo.png\",\"contentUrl\":\"https:\/\/www.m4tandklinik.se\/wp-content\/uploads\/2019\/04\/cropped-m4-just-logo.png\",\"width\":512,\"height\":512,\"caption\":\"Tandl\u00e4kare Mahnush Owji - M4 tandklinik\"},\"image\":{\"@id\":\"https:\/\/www.m4tandklinik.se\/tandlakareilerum\/#\/schema\/logo\/image\/\"},\"sameAs\":[\"https:\/\/www.facebook.com\/m4tandklinik\",\"https:\/\/www.instagram.com\/m4tandklinik\/\"]}]}<\/script>\n<!-- \/ Yoast SEO plugin. -->","yoast_head_json":{"title":"V\u00e5r klinik - Tandl\u00e4kare Mahnush Owji - M4 tandklinik","robots":{"index":"index","follow":"follow","max-snippet":"max-snippet:-1","max-image-preview":"max-image-preview:large","max-video-preview":"max-video-preview:-1"},"canonical":"https:\/\/www.m4tandklinik.se\/tandlakareilerum\/var-klinik\/","og_locale":"sv_SE","og_type":"article","og_title":"V\u00e5r klinik - Tandl\u00e4kare Mahnush Owji - M4 tandklinik","og_description":"En modern och hemtrevlig klinik. Vi \u00e4r m\u00e5na om att du ska k\u00e4nna dig trygg och avslappnad och f\u00e5 den b\u00e4sta v\u00e5rden i en lugn atmosf\u00e4r.","og_url":"https:\/\/www.m4tandklinik.se\/tandlakareilerum\/var-klinik\/","og_site_name":"Tandl\u00e4kare Mahnush Owji - M4 tandklinik","article_publisher":"https:\/\/www.facebook.com\/m4tandklinik","article_modified_time":"2026-01-07T20:41:41+00:00","og_image":[{"width":1024,"height":576,"url":"https:\/\/www.m4tandklinik.se\/wp-content\/uploads\/2019\/04\/ZY-Photo-2018-10-19-00000054-1024x576.jpg","type":"image\/jpeg"}],"twitter_card":"summary_large_image","twitter_misc":{"Ber\u00e4knad l\u00e4stid":"2 minuter"},"schema":{"@context":"https:\/\/schema.org","@graph":[{"@type":"WebPage","@id":"https:\/\/www.m4tandklinik.se\/tandlakareilerum\/var-klinik\/","url":"https:\/\/www.m4tandklinik.se\/tandlakareilerum\/var-klinik\/","name":"V\u00e5r klinik - Tandl\u00e4kare Mahnush Owji - M4 tandklinik","isPartOf":{"@id":"https:\/\/www.m4tandklinik.se\/tandlakareilerum\/#website"},"primaryImageOfPage":{"@id":"https:\/\/www.m4tandklinik.se\/tandlakareilerum\/var-klinik\/#primaryimage"},"image":{"@id":"https:\/\/www.m4tandklinik.se\/tandlakareilerum\/var-klinik\/#primaryimage"},"thumbnailUrl":"https:\/\/www.m4tandklinik.se\/wp-content\/uploads\/2019\/04\/ZY-Photo-2018-10-19-00000054.jpg","datePublished":"2017-05-23T10:05:48+00:00","dateModified":"2026-01-07T20:41:41+00:00","breadcrumb":{"@id":"https:\/\/www.m4tandklinik.se\/tandlakareilerum\/var-klinik\/#breadcrumb"},"inLanguage":"sv-SE","potentialAction":[{"@type":"ReadAction","target":["https:\/\/www.m4tandklinik.se\/tandlakareilerum\/var-klinik\/"]}]},{"@type":"ImageObject","inLanguage":"sv-SE","@id":"https:\/\/www.m4tandklinik.se\/tandlakareilerum\/var-klinik\/#primaryimage","url":"https:\/\/www.m4tandklinik.se\/wp-content\/uploads\/2019\/04\/ZY-Photo-2018-10-19-00000054.jpg","contentUrl":"https:\/\/www.m4tandklinik.se\/wp-content\/uploads\/2019\/04\/ZY-Photo-2018-10-19-00000054.jpg","width":3840,"height":2160},{"@type":"BreadcrumbList","@id":"https:\/\/www.m4tandklinik.se\/tandlakareilerum\/var-klinik\/#breadcrumb","itemListElement":[{"@type":"ListItem","position":1,"name":"Hem","item":"https:\/\/www.m4tandklinik.se\/tandlakareilerum\/"},{"@type":"ListItem","position":2,"name":"V\u00e5r klinik"}]},{"@type":"WebSite","@id":"https:\/\/www.m4tandklinik.se\/tandlakareilerum\/#website","url":"https:\/\/www.m4tandklinik.se\/tandlakareilerum\/","name":"Tandl\u00e4kare Mahnush Owji - M4 tandklinik","description":"Tandl\u00e4kare i Lerum","publisher":{"@id":"https:\/\/www.m4tandklinik.se\/tandlakareilerum\/#organization"},"potentialAction":[{"@type":"SearchAction","target":{"@type":"EntryPoint","urlTemplate":"https:\/\/www.m4tandklinik.se\/tandlakareilerum\/?s={search_term_string}"},"query-input":{"@type":"PropertyValueSpecification","valueRequired":true,"valueName":"search_term_string"}}],"inLanguage":"sv-SE"},{"@type":"Organization","@id":"https:\/\/www.m4tandklinik.se\/tandlakareilerum\/#organization","name":"Tandl\u00e4kare Mahnush Owji - M4 tandklinik","url":"https:\/\/www.m4tandklinik.se\/tandlakareilerum\/","logo":{"@type":"ImageObject","inLanguage":"sv-SE","@id":"https:\/\/www.m4tandklinik.se\/tandlakareilerum\/#\/schema\/logo\/image\/","url":"https:\/\/www.m4tandklinik.se\/wp-content\/uploads\/2019\/04\/cropped-m4-just-logo.png","contentUrl":"https:\/\/www.m4tandklinik.se\/wp-content\/uploads\/2019\/04\/cropped-m4-just-logo.png","width":512,"height":512,"caption":"Tandl\u00e4kare Mahnush Owji - M4 tandklinik"},"image":{"@id":"https:\/\/www.m4tandklinik.se\/tandlakareilerum\/#\/schema\/logo\/image\/"},"sameAs":["https:\/\/www.facebook.com\/m4tandklinik","https:\/\/www.instagram.com\/m4tandklinik\/"]}]}},"_links":{"self":[{"href":"https:\/\/www.m4tandklinik.se\/tandlakareilerum\/wp-json\/wp\/v2\/pages\/2391","targetHints":{"allow":["GET"]}}],"collection":[{"href":"https:\/\/www.m4tandklinik.se\/tandlakareilerum\/wp-json\/wp\/v2\/pages"}],"about":[{"href":"https:\/\/www.m4tandklinik.se\/tandlakareilerum\/wp-json\/wp\/v2\/types\/page"}],"author":[{"embeddable":true,"href":"https:\/\/www.m4tandklinik.se\/tandlakareilerum\/wp-json\/wp\/v2\/users\/1"}],"replies":[{"embeddable":true,"href":"https:\/\/www.m4tandklinik.se\/tandlakareilerum\/wp-json\/wp\/v2\/comments?post=2391"}],"version-history":[{"count":111,"href":"https:\/\/www.m4tandklinik.se\/tandlakareilerum\/wp-json\/wp\/v2\/pages\/2391\/revisions"}],"predecessor-version":[{"id":6198,"href":"https:\/\/www.m4tandklinik.se\/tandlakareilerum\/wp-json\/wp\/v2\/pages\/2391\/revisions\/6198"}],"wp:featuredmedia":[{"embeddable":true,"href":"https:\/\/www.m4tandklinik.se\/tandlakareilerum\/wp-json\/wp\/v2\/media\/2646"}],"wp:attachment":[{"href":"https:\/\/www.m4tandklinik.se\/tandlakareilerum\/wp-json\/wp\/v2\/media?parent=2391"}],"curies":[{"name":"wp","href":"https:\/\/api.w.org\/{rel}","templated":true}]}}