{"id":3233,"date":"2019-05-14T07:27:43","date_gmt":"2019-05-14T07:27:43","guid":{"rendered":"https:\/\/www.m4tandklinik.se\/?page_id=3233"},"modified":"2024-04-17T07:59:13","modified_gmt":"2024-04-17T06:59:13","slug":"oppettider","status":"publish","type":"page","link":"https:\/\/www.m4tandklinik.se\/tandlakareilerum\/oppettider\/","title":{"rendered":"\u00d6ppettider"},"content":{"rendered":"<div id=\"pl-3233\"  class=\"panel-layout\" ><div id=\"pg-3233-0\"  class=\"panel-grid panel-has-style\" ><div class=\"divider-no-animation tablet-default mobile-1-in-row desktop-default panel-row-style panel-row-style-for-3233-0\" ><div id=\"pgc-3233-0-0\"  class=\"panel-grid-cell\" ><div id=\"panel-3233-0-0-0\" class=\"so-panel widget widget_orion_working_hours_w panel-first-child panel-last-child\" data-index=\"0\" ><div class=\"orion custom default panel-widget-style panel-widget-style-for-3233-0-0-0\" ><div\n\t\t\t\n\t\t\tclass=\"so-widget-orion_working_hours_w so-widget-orion_working_hours_w-base\"\n\t\t\t\n\t\t><div class=\"row working-hours-wrap text-default has_borders\">\r\n\t\t\t<div class=\"col-md-12 entry-header\">\r\n\t\t\t<h3 class=\"widget-title\">\u00d6ppettider<\/h3>\r\n\t\t<\/div>\r\n\t\t\r\n\t\t<div class=\"content-wrap col-xs-12\" style=\"background:transparent\">\r\n\t\t\r\n\t\t\t\r\n\t\t\t\t\r\n\t\t\t\t\t\t\t\t<div class=\"row working-day\">\r\n\t\t\t\t\t<div class=\"col-xs-6 day \" > \r\n\t\t\t\t\t\tM\u00e5ndag\t\t\t\t\t<\/div>\r\n\t\t\t\t\t<div class=\"col-xs-6 hours text-right \" > \r\n\t\t\t\t\t\t8:00 - 16:00\t\t\t\t\t<\/div>\r\n\t\t\t\t\t<span class=\"border\"><\/span>\t\t\t\t<\/div>\t\t\r\n\t\t\t\t\t\t\t\t\r\n\t\t\t\t\r\n\t\t\t\t\t\t\t\t<div class=\"row working-day\">\r\n\t\t\t\t\t<div class=\"col-xs-6 day \" > \r\n\t\t\t\t\t\tTisdag\t\t\t\t\t<\/div>\r\n\t\t\t\t\t<div class=\"col-xs-6 hours text-right \" > \r\n\t\t\t\t\t\t8:00 - 17:30\t\t\t\t\t<\/div>\r\n\t\t\t\t\t<span class=\"border\"><\/span>\t\t\t\t<\/div>\t\t\r\n\t\t\t\t\t\t\t\t\r\n\t\t\t\t\r\n\t\t\t\t\t\t\t\t<div class=\"row working-day\">\r\n\t\t\t\t\t<div class=\"col-xs-6 day \" > \r\n\t\t\t\t\t\tOnsdag\t\t\t\t\t<\/div>\r\n\t\t\t\t\t<div class=\"col-xs-6 hours text-right \" > \r\n\t\t\t\t\t\t8:00 - 16:00\t\t\t\t\t<\/div>\r\n\t\t\t\t\t<span class=\"border\"><\/span>\t\t\t\t<\/div>\t\t\r\n\t\t\t\t\t\t\t\t\r\n\t\t\t\t\r\n\t\t\t\t\t\t\t\t<div class=\"row working-day\">\r\n\t\t\t\t\t<div class=\"col-xs-6 day \" > \r\n\t\t\t\t\t\tTorsdag\t\t\t\t\t<\/div>\r\n\t\t\t\t\t<div class=\"col-xs-6 hours text-right \" > \r\n\t\t\t\t\t\t8:00 - 16:00\t\t\t\t\t<\/div>\r\n\t\t\t\t\t<span class=\"border\"><\/span>\t\t\t\t<\/div>\t\t\r\n\t\t\t\t\t\t\t\t\r\n\t\t\t\t\r\n\t\t\t\t\t\t\t\t<div class=\"row working-day\">\r\n\t\t\t\t\t<div class=\"col-xs-6 day \" > \r\n\t\t\t\t\t\tFredag\t\t\t\t\t<\/div>\r\n\t\t\t\t\t<div class=\"col-xs-6 hours text-right \" > \r\n\t\t\t\t\t\t8:30 - 14:00\t\t\t\t\t<\/div>\r\n\t\t\t\t\t<span class=\"border\"><\/span>\t\t\t\t<\/div>\t\t\r\n\t\t\t\t\t\t\t\t\r\n\t\t\t\t\r\n\t\t\t\t\t\t\t\t<div class=\"row working-day\">\r\n\t\t\t\t\t<div class=\"col-xs-6 day current-day primary-color\" > \r\n\t\t\t\t\t\tL\u00f6rdag\t\t\t\t\t<\/div>\r\n\t\t\t\t\t<div class=\"col-xs-6 hours text-right current-day primary-color\" > \r\n\t\t\t\t\t\tSt\u00e4ngt\t\t\t\t\t<\/div>\r\n\t\t\t\t\t<span class=\"border\"><\/span>\t\t\t\t<\/div>\t\t\r\n\t\t\t\t\t\t\t\t\r\n\t\t\t\t\r\n\t\t\t\t\t\t\t\t<div class=\"row working-day\">\r\n\t\t\t\t\t<div class=\"col-xs-6 day \" > \r\n\t\t\t\t\t\tS\u00f6ndag\t\t\t\t\t<\/div>\r\n\t\t\t\t\t<div class=\"col-xs-6 hours text-right \" > \r\n\t\t\t\t\t\tSt\u00e4ngt\t\t\t\t\t<\/div>\r\n\t\t\t\t\t<span class=\"border\"><\/span>\t\t\t\t<\/div>\t\t\r\n\t\t\t\t\t\t\t\t\r\n\t\t\t\t\r\n\t\t\t\t\t\t\t\t<\/div>\r\n\t\t\r\n<\/div><\/div><\/div><\/div><\/div><\/div><\/div><\/div>","protected":false},"excerpt":{"rendered":"<p>\u00d6ppettider M\u00e5ndag 8:00 &#8211; 16:00 Tisdag 8:00 &#8211; 17:30 Onsdag 8:00 &#8211; 16:00 Torsdag 8:00 &#8211; 16:00 Fredag 8:30 &#8211; 14:00 L\u00f6rdag St\u00e4ngt S\u00f6ndag St\u00e4ngt<\/p>\n","protected":false},"author":1,"featured_media":0,"parent":0,"menu_order":0,"comment_status":"closed","ping_status":"closed","template":"","meta":{"footnotes":""},"class_list":["post-3233","page","type-page","status-publish","hentry"],"yoast_head":"<!-- This site is optimized with the Yoast SEO plugin v26.7 - https:\/\/yoast.com\/wordpress\/plugins\/seo\/ -->\n<title>\u00d6ppettider - Tandl\u00e4kare Mahnush Owji - M4 tandklinik<\/title>\n<meta name=\"robots\" content=\"index, follow, max-snippet:-1, max-image-preview:large, max-video-preview:-1\" \/>\n<link rel=\"canonical\" href=\"https:\/\/www.m4tandklinik.se\/tandlakareilerum\/oppettider\/\" \/>\n<meta property=\"og:locale\" content=\"sv_SE\" \/>\n<meta property=\"og:type\" content=\"article\" \/>\n<meta property=\"og:title\" content=\"\u00d6ppettider - Tandl\u00e4kare Mahnush Owji - M4 tandklinik\" \/>\n<meta property=\"og:description\" content=\"\u00d6ppettider M\u00e5ndag 8:00 - 16:00 Tisdag 8:00 - 17:30 Onsdag 8:00 - 16:00 Torsdag 8:00 - 16:00 Fredag 8:30 - 14:00 L\u00f6rdag St\u00e4ngt S\u00f6ndag St\u00e4ngt\" \/>\n<meta property=\"og:url\" content=\"https:\/\/www.m4tandklinik.se\/tandlakareilerum\/oppettider\/\" \/>\n<meta property=\"og:site_name\" content=\"Tandl\u00e4kare Mahnush Owji - M4 tandklinik\" \/>\n<meta property=\"article:publisher\" content=\"https:\/\/www.facebook.com\/m4tandklinik\" \/>\n<meta property=\"article:modified_time\" content=\"2024-04-17T06:59:13+00:00\" \/>\n<meta name=\"twitter:card\" content=\"summary_large_image\" \/>\n<meta name=\"twitter:label1\" content=\"Ber\u00e4knad l\u00e4stid\" \/>\n\t<meta name=\"twitter:data1\" content=\"1 minut\" \/>\n<script type=\"application\/ld+json\" class=\"yoast-schema-graph\">{\"@context\":\"https:\/\/schema.org\",\"@graph\":[{\"@type\":\"WebPage\",\"@id\":\"https:\/\/www.m4tandklinik.se\/tandlakareilerum\/oppettider\/\",\"url\":\"https:\/\/www.m4tandklinik.se\/tandlakareilerum\/oppettider\/\",\"name\":\"\u00d6ppettider - Tandl\u00e4kare Mahnush Owji - M4 tandklinik\",\"isPartOf\":{\"@id\":\"https:\/\/www.m4tandklinik.se\/tandlakareilerum\/#website\"},\"datePublished\":\"2019-05-14T07:27:43+00:00\",\"dateModified\":\"2024-04-17T06:59:13+00:00\",\"breadcrumb\":{\"@id\":\"https:\/\/www.m4tandklinik.se\/tandlakareilerum\/oppettider\/#breadcrumb\"},\"inLanguage\":\"sv-SE\",\"potentialAction\":[{\"@type\":\"ReadAction\",\"target\":[\"https:\/\/www.m4tandklinik.se\/tandlakareilerum\/oppettider\/\"]}]},{\"@type\":\"BreadcrumbList\",\"@id\":\"https:\/\/www.m4tandklinik.se\/tandlakareilerum\/oppettider\/#breadcrumb\",\"itemListElement\":[{\"@type\":\"ListItem\",\"position\":1,\"name\":\"Hem\",\"item\":\"https:\/\/www.m4tandklinik.se\/tandlakareilerum\/\"},{\"@type\":\"ListItem\",\"position\":2,\"name\":\"\u00d6ppettider\"}]},{\"@type\":\"WebSite\",\"@id\":\"https:\/\/www.m4tandklinik.se\/tandlakareilerum\/#website\",\"url\":\"https:\/\/www.m4tandklinik.se\/tandlakareilerum\/\",\"name\":\"Tandl\u00e4kare Mahnush Owji - M4 tandklinik\",\"description\":\"Tandl\u00e4kare i Lerum\",\"publisher\":{\"@id\":\"https:\/\/www.m4tandklinik.se\/tandlakareilerum\/#organization\"},\"potentialAction\":[{\"@type\":\"SearchAction\",\"target\":{\"@type\":\"EntryPoint\",\"urlTemplate\":\"https:\/\/www.m4tandklinik.se\/tandlakareilerum\/?s={search_term_string}\"},\"query-input\":{\"@type\":\"PropertyValueSpecification\",\"valueRequired\":true,\"valueName\":\"search_term_string\"}}],\"inLanguage\":\"sv-SE\"},{\"@type\":\"Organization\",\"@id\":\"https:\/\/www.m4tandklinik.se\/tandlakareilerum\/#organization\",\"name\":\"Tandl\u00e4kare Mahnush Owji - M4 tandklinik\",\"url\":\"https:\/\/www.m4tandklinik.se\/tandlakareilerum\/\",\"logo\":{\"@type\":\"ImageObject\",\"inLanguage\":\"sv-SE\",\"@id\":\"https:\/\/www.m4tandklinik.se\/tandlakareilerum\/#\/schema\/logo\/image\/\",\"url\":\"https:\/\/www.m4tandklinik.se\/wp-content\/uploads\/2019\/04\/cropped-m4-just-logo.png\",\"contentUrl\":\"https:\/\/www.m4tandklinik.se\/wp-content\/uploads\/2019\/04\/cropped-m4-just-logo.png\",\"width\":512,\"height\":512,\"caption\":\"Tandl\u00e4kare Mahnush Owji - M4 tandklinik\"},\"image\":{\"@id\":\"https:\/\/www.m4tandklinik.se\/tandlakareilerum\/#\/schema\/logo\/image\/\"},\"sameAs\":[\"https:\/\/www.facebook.com\/m4tandklinik\",\"https:\/\/www.instagram.com\/m4tandklinik\/\"]}]}<\/script>\n<!-- \/ Yoast SEO plugin. -->","yoast_head_json":{"title":"\u00d6ppettider - Tandl\u00e4kare Mahnush Owji - M4 tandklinik","robots":{"index":"index","follow":"follow","max-snippet":"max-snippet:-1","max-image-preview":"max-image-preview:large","max-video-preview":"max-video-preview:-1"},"canonical":"https:\/\/www.m4tandklinik.se\/tandlakareilerum\/oppettider\/","og_locale":"sv_SE","og_type":"article","og_title":"\u00d6ppettider - Tandl\u00e4kare Mahnush Owji - M4 tandklinik","og_description":"\u00d6ppettider M\u00e5ndag 8:00 - 16:00 Tisdag 8:00 - 17:30 Onsdag 8:00 - 16:00 Torsdag 8:00 - 16:00 Fredag 8:30 - 14:00 L\u00f6rdag St\u00e4ngt S\u00f6ndag St\u00e4ngt","og_url":"https:\/\/www.m4tandklinik.se\/tandlakareilerum\/oppettider\/","og_site_name":"Tandl\u00e4kare Mahnush Owji - M4 tandklinik","article_publisher":"https:\/\/www.facebook.com\/m4tandklinik","article_modified_time":"2024-04-17T06:59:13+00:00","twitter_card":"summary_large_image","twitter_misc":{"Ber\u00e4knad l\u00e4stid":"1 minut"},"schema":{"@context":"https:\/\/schema.org","@graph":[{"@type":"WebPage","@id":"https:\/\/www.m4tandklinik.se\/tandlakareilerum\/oppettider\/","url":"https:\/\/www.m4tandklinik.se\/tandlakareilerum\/oppettider\/","name":"\u00d6ppettider - Tandl\u00e4kare Mahnush Owji - M4 tandklinik","isPartOf":{"@id":"https:\/\/www.m4tandklinik.se\/tandlakareilerum\/#website"},"datePublished":"2019-05-14T07:27:43+00:00","dateModified":"2024-04-17T06:59:13+00:00","breadcrumb":{"@id":"https:\/\/www.m4tandklinik.se\/tandlakareilerum\/oppettider\/#breadcrumb"},"inLanguage":"sv-SE","potentialAction":[{"@type":"ReadAction","target":["https:\/\/www.m4tandklinik.se\/tandlakareilerum\/oppettider\/"]}]},{"@type":"BreadcrumbList","@id":"https:\/\/www.m4tandklinik.se\/tandlakareilerum\/oppettider\/#breadcrumb","itemListElement":[{"@type":"ListItem","position":1,"name":"Hem","item":"https:\/\/www.m4tandklinik.se\/tandlakareilerum\/"},{"@type":"ListItem","position":2,"name":"\u00d6ppettider"}]},{"@type":"WebSite","@id":"https:\/\/www.m4tandklinik.se\/tandlakareilerum\/#website","url":"https:\/\/www.m4tandklinik.se\/tandlakareilerum\/","name":"Tandl\u00e4kare Mahnush Owji - M4 tandklinik","description":"Tandl\u00e4kare i Lerum","publisher":{"@id":"https:\/\/www.m4tandklinik.se\/tandlakareilerum\/#organization"},"potentialAction":[{"@type":"SearchAction","target":{"@type":"EntryPoint","urlTemplate":"https:\/\/www.m4tandklinik.se\/tandlakareilerum\/?s={search_term_string}"},"query-input":{"@type":"PropertyValueSpecification","valueRequired":true,"valueName":"search_term_string"}}],"inLanguage":"sv-SE"},{"@type":"Organization","@id":"https:\/\/www.m4tandklinik.se\/tandlakareilerum\/#organization","name":"Tandl\u00e4kare Mahnush Owji - M4 tandklinik","url":"https:\/\/www.m4tandklinik.se\/tandlakareilerum\/","logo":{"@type":"ImageObject","inLanguage":"sv-SE","@id":"https:\/\/www.m4tandklinik.se\/tandlakareilerum\/#\/schema\/logo\/image\/","url":"https:\/\/www.m4tandklinik.se\/wp-content\/uploads\/2019\/04\/cropped-m4-just-logo.png","contentUrl":"https:\/\/www.m4tandklinik.se\/wp-content\/uploads\/2019\/04\/cropped-m4-just-logo.png","width":512,"height":512,"caption":"Tandl\u00e4kare Mahnush Owji - M4 tandklinik"},"image":{"@id":"https:\/\/www.m4tandklinik.se\/tandlakareilerum\/#\/schema\/logo\/image\/"},"sameAs":["https:\/\/www.facebook.com\/m4tandklinik","https:\/\/www.instagram.com\/m4tandklinik\/"]}]}},"_links":{"self":[{"href":"https:\/\/www.m4tandklinik.se\/tandlakareilerum\/wp-json\/wp\/v2\/pages\/3233","targetHints":{"allow":["GET"]}}],"collection":[{"href":"https:\/\/www.m4tandklinik.se\/tandlakareilerum\/wp-json\/wp\/v2\/pages"}],"about":[{"href":"https:\/\/www.m4tandklinik.se\/tandlakareilerum\/wp-json\/wp\/v2\/types\/page"}],"author":[{"embeddable":true,"href":"https:\/\/www.m4tandklinik.se\/tandlakareilerum\/wp-json\/wp\/v2\/users\/1"}],"replies":[{"embeddable":true,"href":"https:\/\/www.m4tandklinik.se\/tandlakareilerum\/wp-json\/wp\/v2\/comments?post=3233"}],"version-history":[{"count":8,"href":"https:\/\/www.m4tandklinik.se\/tandlakareilerum\/wp-json\/wp\/v2\/pages\/3233\/revisions"}],"predecessor-version":[{"id":6084,"href":"https:\/\/www.m4tandklinik.se\/tandlakareilerum\/wp-json\/wp\/v2\/pages\/3233\/revisions\/6084"}],"wp:attachment":[{"href":"https:\/\/www.m4tandklinik.se\/tandlakareilerum\/wp-json\/wp\/v2\/media?parent=3233"}],"curies":[{"name":"wp","href":"https:\/\/api.w.org\/{rel}","templated":true}]}}