{"id":3927,"date":"2019-08-21T12:50:57","date_gmt":"2019-08-21T12:50:57","guid":{"rendered":"https:\/\/www.m4tandklinik.se\/?page_id=3927"},"modified":"2020-10-23T12:17:50","modified_gmt":"2020-10-23T11:17:50","slug":"tandvardsradsla","status":"publish","type":"page","link":"https:\/\/www.m4tandklinik.se\/tandlakareilerum\/behandlingar-2\/tandvardsradsla\/","title":{"rendered":"Tandv\u00e5rdsr\u00e4dsla"},"content":{"rendered":"<div id=\"pl-3927\"  class=\"panel-layout\" ><div id=\"pg-3927-0\"  class=\"panel-grid panel-has-style\" ><div class=\"siteorigin-panels-stretch divider-no-animation tablet-1-in-row mobile-1-in-row desktop-default panel-row-style panel-row-style-for-3927-0\" data-stretch-type=\"full\" ><div id=\"pgc-3927-0-0\"  class=\"panel-grid-cell\" ><div id=\"panel-3927-0-0-0\" class=\"so-panel widget widget_orion_heading_w panel-first-child\" data-index=\"0\" ><div class=\"orion default panel-widget-style panel-widget-style-for-3927-0-0-0\" ><div\n\t\t\t\n\t\t\tclass=\"so-widget-orion_heading_w so-widget-orion_heading_w-base\"\n\t\t\t\n\t\t> \r\n\t\t\t<div class=\"row orion-heading\" style=\"margin-bottom:0px;\">\r\n\t\t<div class=\"col-md-12   text-left style-h6 style-primary-color\">\r\n\t\t\t<h6 class=\"primary-color\">\r\n\t\t\t\t\u00c4r du r\u00e4dd eller \u00e4ngslig inf\u00f6r ditt bes\u00f6k? \t\t\t<\/h6>\r\n\t\t<\/div>\r\n\t<\/div>\r\n\r\n\t<\/div><\/div><\/div><div id=\"panel-3927-0-0-1\" class=\"so-panel widget widget_orion_heading_w\" data-index=\"1\" ><div class=\"orion default panel-widget-style panel-widget-style-for-3927-0-0-1\" ><div\n\t\t\t\n\t\t\tclass=\"so-widget-orion_heading_w so-widget-orion_heading_w-base\"\n\t\t\t\n\t\t> \r\n\t\t\t<div class=\"row orion-heading\" style=\"margin-bottom:0px;\">\r\n\t\t<div class=\"col-md-12  separator-style-1 text-left style-h6 style-primary-color\">\r\n\t\t\t<h6 class=\"primary-color\">\r\n\t\t\t\tTala om det f\u00f6r oss n\u00e4r du ringer s\u00e5 ska vi ta hand dig p\u00e5 b\u00e4sta s\u00e4tt.\t\t\t<\/h6>\r\n\t\t<\/div>\r\n\t<\/div>\r\n\r\n\t<\/div><\/div><\/div><div id=\"panel-3927-0-0-2\" class=\"so-panel widget widget_sow-editor panel-last-child\" data-index=\"2\" ><div class=\"orion default panel-widget-style panel-widget-style-for-3927-0-0-2\" ><div\n\t\t\t\n\t\t\tclass=\"so-widget-sow-editor so-widget-sow-editor-base\"\n\t\t\t\n\t\t>\n<div class=\"siteorigin-widget-tinymce textwidget\">\n\t<h5>R\u00e4dsla \u00e4r ett av de vanligaste sk\u00e4len till att man inte g\u00e5r till tandl\u00e4karen regelbundet. Detta kan i sin tur f\u00f6rv\u00e4rra problemen d\u00e5 tandh\u00e4lsan blir s\u00e4mre och kr\u00e4ver st\u00f6rre ingrepp.<\/h5>\n<h5>Den h\u00e4r r\u00e4dslan kan bero p\u00e5 att man inte riktigt k\u00e4nner att man har kontroll \u00f6ver situationen och upplever sig utl\u00e4mnad. R\u00e4dslan kan ocks\u00e5 bero p\u00e5 en tidigare negativ upplevelse.<\/h5>\n<h5>Upplever du obehag eller r\u00e4dsla inf\u00f6r ditt bes\u00f6k tala om det f\u00f6r oss innan s\u00e5 kan vi avs\u00e4tta extra tid f\u00f6r dig.<\/h5>\n<h5>Vi har stor erfarenhet av tandv\u00e5rdsr\u00e4dsla och kan\u00a0tillsammans med dig\u00a0skapa positiva erfarenheter genom f\u00f6rsiktig och lyh\u00f6rd behandling p\u00e5 dina\u00a0villkor.<\/h5>\n<\/div>\n<\/div><\/div><\/div><\/div><div id=\"pgc-3927-0-1\"  class=\"panel-grid-cell\" ><div id=\"panel-3927-0-1-0\" class=\"so-panel widget widget_orion_image_w panel-first-child\" data-index=\"3\" ><div class=\"orion mobile-text-center default panel-widget-style panel-widget-style-for-3927-0-1-0\" ><div\n\t\t\t\n\t\t\tclass=\"so-widget-orion_image_w so-widget-orion_image_w-base\"\n\t\t\t\n\t\t>\r\n<div class=\"image-w relative rounded\">\r\n\r\n\t\t\t\t\t\t\t<div class=\"orion_circle image-wrap rounded overlay-none overlay-hover-primary\">\r\n\t\t\r\n\t\t\t\t<div class=\"circle-wrap\">\r\n\t\t\t\t\t<img loading=\"lazy\" decoding=\"async\" width=\"750\" height=\"750\" src=\"https:\/\/www.m4tandklinik.se\/wp-content\/uploads\/2019\/04\/ZY-Photo-2018-10-19-00000054-750x750.jpg\" class=\"attachment-orion_square size-orion_square\" alt=\"\" \/>\t\t\t<div class=\"overlay\"><\/div>\r\n\t\t\t\t<\/div>\r\n\t\t\r\n\t\t\t\t\t<\/div>\r\n\t\t\t\r\n\t\r\n\t<div class=\"absolute\">\r\n\t\t<div class=\"hover-desc table-wrap\">\r\n\t\t\t<div class=\"cell-wrap\">\r\n\t\t\t\t<h4 class=\"text-light\"><\/h4>\r\n\t\t\t<\/div>\r\n\t\t<\/div>\r\n\t<\/div>\t\t\t\t\t\r\n<\/div>\r\n\r\n<\/div><\/div><\/div><div id=\"panel-3927-0-1-1\" class=\"so-panel widget widget_orion_button_w panel-last-child\" data-index=\"4\" ><div class=\"orion mobile-text-center tablets-text-center absolute-bottom absolute-bottom-center default panel-widget-style panel-widget-style-for-3927-0-1-1\" ><div\n\t\t\t\n\t\t\tclass=\"so-widget-orion_button_w so-widget-orion_button_w-base\"\n\t\t\t\n\t\t>\t<div class=\"wrapper block\" style=\"text-align:center\">\r\n\r\n\t\t\t<a class=\"btn btn-c1 btn-round btn-flat btn-lg\"  href=\"https:\/\/www.m4tandklinik.se\/tandlakareilerum\/kontakt\/\"\r\n\t\t\t   \t\t>\r\n\t\t\tBoka tid!\t\t\r\n\t\t<\/a>\r\n\t\r\n<\/div>\r\n<\/div><\/div><\/div><\/div><\/div><\/div><\/div>","protected":false},"excerpt":{"rendered":"<p>R\u00e4dsla \u00e4r ett av de vanligaste sk\u00e4len till att man inte g\u00e5r till tandl\u00e4karen regelbundet. Detta kan i sin tur f\u00f6rv\u00e4rra problemen d\u00e5 tandh\u00e4lsan blir s\u00e4mre och kr\u00e4ver st\u00f6rre ingrepp. Den h\u00e4r r\u00e4dslan kan bero p\u00e5 att man inte riktigt k\u00e4nner att man har kontroll \u00f6ver situationen och upplever sig utl\u00e4mnad. R\u00e4dslan kan ocks\u00e5 bero<\/p>\n","protected":false},"author":1,"featured_media":0,"parent":1056,"menu_order":0,"comment_status":"closed","ping_status":"closed","template":"","meta":{"footnotes":""},"class_list":["post-3927","page","type-page","status-publish","hentry"],"yoast_head":"<!-- This site is optimized with the Yoast SEO plugin v26.7 - https:\/\/yoast.com\/wordpress\/plugins\/seo\/ -->\n<title>Tandv\u00e5rdsr\u00e4dsla - Tandl\u00e4kare Mahnush Owji - M4 tandklinik<\/title>\n<meta name=\"robots\" content=\"index, follow, max-snippet:-1, max-image-preview:large, max-video-preview:-1\" \/>\n<link rel=\"canonical\" href=\"https:\/\/www.m4tandklinik.se\/tandlakareilerum\/behandlingar-2\/tandvardsradsla\/\" \/>\n<meta property=\"og:locale\" content=\"sv_SE\" \/>\n<meta property=\"og:type\" content=\"article\" \/>\n<meta property=\"og:title\" content=\"Tandv\u00e5rdsr\u00e4dsla - Tandl\u00e4kare Mahnush Owji - M4 tandklinik\" \/>\n<meta property=\"og:description\" content=\"R\u00e4dsla \u00e4r ett av de vanligaste sk\u00e4len till att man inte g\u00e5r till tandl\u00e4karen regelbundet. Detta kan i sin tur f\u00f6rv\u00e4rra problemen d\u00e5 tandh\u00e4lsan blir s\u00e4mre och kr\u00e4ver st\u00f6rre ingrepp. Den h\u00e4r r\u00e4dslan kan bero p\u00e5 att man inte riktigt k\u00e4nner att man har kontroll \u00f6ver situationen och upplever sig utl\u00e4mnad. R\u00e4dslan kan ocks\u00e5 bero\" \/>\n<meta property=\"og:url\" content=\"https:\/\/www.m4tandklinik.se\/tandlakareilerum\/behandlingar-2\/tandvardsradsla\/\" \/>\n<meta property=\"og:site_name\" content=\"Tandl\u00e4kare Mahnush Owji - M4 tandklinik\" \/>\n<meta property=\"article:publisher\" content=\"https:\/\/www.facebook.com\/m4tandklinik\" \/>\n<meta property=\"article:modified_time\" content=\"2020-10-23T11:17:50+00:00\" \/>\n<meta name=\"twitter:card\" content=\"summary_large_image\" \/>\n<meta name=\"twitter:label1\" content=\"Ber\u00e4knad l\u00e4stid\" \/>\n\t<meta name=\"twitter:data1\" content=\"1 minut\" \/>\n<script type=\"application\/ld+json\" class=\"yoast-schema-graph\">{\"@context\":\"https:\/\/schema.org\",\"@graph\":[{\"@type\":\"WebPage\",\"@id\":\"https:\/\/www.m4tandklinik.se\/tandlakareilerum\/behandlingar-2\/tandvardsradsla\/\",\"url\":\"https:\/\/www.m4tandklinik.se\/tandlakareilerum\/behandlingar-2\/tandvardsradsla\/\",\"name\":\"Tandv\u00e5rdsr\u00e4dsla - Tandl\u00e4kare Mahnush Owji - M4 tandklinik\",\"isPartOf\":{\"@id\":\"https:\/\/www.m4tandklinik.se\/tandlakareilerum\/#website\"},\"datePublished\":\"2019-08-21T12:50:57+00:00\",\"dateModified\":\"2020-10-23T11:17:50+00:00\",\"breadcrumb\":{\"@id\":\"https:\/\/www.m4tandklinik.se\/tandlakareilerum\/behandlingar-2\/tandvardsradsla\/#breadcrumb\"},\"inLanguage\":\"sv-SE\",\"potentialAction\":[{\"@type\":\"ReadAction\",\"target\":[\"https:\/\/www.m4tandklinik.se\/tandlakareilerum\/behandlingar-2\/tandvardsradsla\/\"]}]},{\"@type\":\"BreadcrumbList\",\"@id\":\"https:\/\/www.m4tandklinik.se\/tandlakareilerum\/behandlingar-2\/tandvardsradsla\/#breadcrumb\",\"itemListElement\":[{\"@type\":\"ListItem\",\"position\":1,\"name\":\"Hem\",\"item\":\"https:\/\/www.m4tandklinik.se\/tandlakareilerum\/\"},{\"@type\":\"ListItem\",\"position\":2,\"name\":\"Behandlingar\",\"item\":\"https:\/\/www.m4tandklinik.se\/tandlakareilerum\/behandlingar-2\/\"},{\"@type\":\"ListItem\",\"position\":3,\"name\":\"Tandv\u00e5rdsr\u00e4dsla\"}]},{\"@type\":\"WebSite\",\"@id\":\"https:\/\/www.m4tandklinik.se\/tandlakareilerum\/#website\",\"url\":\"https:\/\/www.m4tandklinik.se\/tandlakareilerum\/\",\"name\":\"Tandl\u00e4kare Mahnush Owji - M4 tandklinik\",\"description\":\"Tandl\u00e4kare i Lerum\",\"publisher\":{\"@id\":\"https:\/\/www.m4tandklinik.se\/tandlakareilerum\/#organization\"},\"potentialAction\":[{\"@type\":\"SearchAction\",\"target\":{\"@type\":\"EntryPoint\",\"urlTemplate\":\"https:\/\/www.m4tandklinik.se\/tandlakareilerum\/?s={search_term_string}\"},\"query-input\":{\"@type\":\"PropertyValueSpecification\",\"valueRequired\":true,\"valueName\":\"search_term_string\"}}],\"inLanguage\":\"sv-SE\"},{\"@type\":\"Organization\",\"@id\":\"https:\/\/www.m4tandklinik.se\/tandlakareilerum\/#organization\",\"name\":\"Tandl\u00e4kare Mahnush Owji - M4 tandklinik\",\"url\":\"https:\/\/www.m4tandklinik.se\/tandlakareilerum\/\",\"logo\":{\"@type\":\"ImageObject\",\"inLanguage\":\"sv-SE\",\"@id\":\"https:\/\/www.m4tandklinik.se\/tandlakareilerum\/#\/schema\/logo\/image\/\",\"url\":\"https:\/\/www.m4tandklinik.se\/wp-content\/uploads\/2019\/04\/cropped-m4-just-logo.png\",\"contentUrl\":\"https:\/\/www.m4tandklinik.se\/wp-content\/uploads\/2019\/04\/cropped-m4-just-logo.png\",\"width\":512,\"height\":512,\"caption\":\"Tandl\u00e4kare Mahnush Owji - M4 tandklinik\"},\"image\":{\"@id\":\"https:\/\/www.m4tandklinik.se\/tandlakareilerum\/#\/schema\/logo\/image\/\"},\"sameAs\":[\"https:\/\/www.facebook.com\/m4tandklinik\",\"https:\/\/www.instagram.com\/m4tandklinik\/\"]}]}<\/script>\n<!-- \/ Yoast SEO plugin. -->","yoast_head_json":{"title":"Tandv\u00e5rdsr\u00e4dsla - Tandl\u00e4kare Mahnush Owji - M4 tandklinik","robots":{"index":"index","follow":"follow","max-snippet":"max-snippet:-1","max-image-preview":"max-image-preview:large","max-video-preview":"max-video-preview:-1"},"canonical":"https:\/\/www.m4tandklinik.se\/tandlakareilerum\/behandlingar-2\/tandvardsradsla\/","og_locale":"sv_SE","og_type":"article","og_title":"Tandv\u00e5rdsr\u00e4dsla - Tandl\u00e4kare Mahnush Owji - M4 tandklinik","og_description":"R\u00e4dsla \u00e4r ett av de vanligaste sk\u00e4len till att man inte g\u00e5r till tandl\u00e4karen regelbundet. Detta kan i sin tur f\u00f6rv\u00e4rra problemen d\u00e5 tandh\u00e4lsan blir s\u00e4mre och kr\u00e4ver st\u00f6rre ingrepp. Den h\u00e4r r\u00e4dslan kan bero p\u00e5 att man inte riktigt k\u00e4nner att man har kontroll \u00f6ver situationen och upplever sig utl\u00e4mnad. R\u00e4dslan kan ocks\u00e5 bero","og_url":"https:\/\/www.m4tandklinik.se\/tandlakareilerum\/behandlingar-2\/tandvardsradsla\/","og_site_name":"Tandl\u00e4kare Mahnush Owji - M4 tandklinik","article_publisher":"https:\/\/www.facebook.com\/m4tandklinik","article_modified_time":"2020-10-23T11:17:50+00:00","twitter_card":"summary_large_image","twitter_misc":{"Ber\u00e4knad l\u00e4stid":"1 minut"},"schema":{"@context":"https:\/\/schema.org","@graph":[{"@type":"WebPage","@id":"https:\/\/www.m4tandklinik.se\/tandlakareilerum\/behandlingar-2\/tandvardsradsla\/","url":"https:\/\/www.m4tandklinik.se\/tandlakareilerum\/behandlingar-2\/tandvardsradsla\/","name":"Tandv\u00e5rdsr\u00e4dsla - Tandl\u00e4kare Mahnush Owji - M4 tandklinik","isPartOf":{"@id":"https:\/\/www.m4tandklinik.se\/tandlakareilerum\/#website"},"datePublished":"2019-08-21T12:50:57+00:00","dateModified":"2020-10-23T11:17:50+00:00","breadcrumb":{"@id":"https:\/\/www.m4tandklinik.se\/tandlakareilerum\/behandlingar-2\/tandvardsradsla\/#breadcrumb"},"inLanguage":"sv-SE","potentialAction":[{"@type":"ReadAction","target":["https:\/\/www.m4tandklinik.se\/tandlakareilerum\/behandlingar-2\/tandvardsradsla\/"]}]},{"@type":"BreadcrumbList","@id":"https:\/\/www.m4tandklinik.se\/tandlakareilerum\/behandlingar-2\/tandvardsradsla\/#breadcrumb","itemListElement":[{"@type":"ListItem","position":1,"name":"Hem","item":"https:\/\/www.m4tandklinik.se\/tandlakareilerum\/"},{"@type":"ListItem","position":2,"name":"Behandlingar","item":"https:\/\/www.m4tandklinik.se\/tandlakareilerum\/behandlingar-2\/"},{"@type":"ListItem","position":3,"name":"Tandv\u00e5rdsr\u00e4dsla"}]},{"@type":"WebSite","@id":"https:\/\/www.m4tandklinik.se\/tandlakareilerum\/#website","url":"https:\/\/www.m4tandklinik.se\/tandlakareilerum\/","name":"Tandl\u00e4kare Mahnush Owji - M4 tandklinik","description":"Tandl\u00e4kare i Lerum","publisher":{"@id":"https:\/\/www.m4tandklinik.se\/tandlakareilerum\/#organization"},"potentialAction":[{"@type":"SearchAction","target":{"@type":"EntryPoint","urlTemplate":"https:\/\/www.m4tandklinik.se\/tandlakareilerum\/?s={search_term_string}"},"query-input":{"@type":"PropertyValueSpecification","valueRequired":true,"valueName":"search_term_string"}}],"inLanguage":"sv-SE"},{"@type":"Organization","@id":"https:\/\/www.m4tandklinik.se\/tandlakareilerum\/#organization","name":"Tandl\u00e4kare Mahnush Owji - M4 tandklinik","url":"https:\/\/www.m4tandklinik.se\/tandlakareilerum\/","logo":{"@type":"ImageObject","inLanguage":"sv-SE","@id":"https:\/\/www.m4tandklinik.se\/tandlakareilerum\/#\/schema\/logo\/image\/","url":"https:\/\/www.m4tandklinik.se\/wp-content\/uploads\/2019\/04\/cropped-m4-just-logo.png","contentUrl":"https:\/\/www.m4tandklinik.se\/wp-content\/uploads\/2019\/04\/cropped-m4-just-logo.png","width":512,"height":512,"caption":"Tandl\u00e4kare Mahnush Owji - M4 tandklinik"},"image":{"@id":"https:\/\/www.m4tandklinik.se\/tandlakareilerum\/#\/schema\/logo\/image\/"},"sameAs":["https:\/\/www.facebook.com\/m4tandklinik","https:\/\/www.instagram.com\/m4tandklinik\/"]}]}},"_links":{"self":[{"href":"https:\/\/www.m4tandklinik.se\/tandlakareilerum\/wp-json\/wp\/v2\/pages\/3927","targetHints":{"allow":["GET"]}}],"collection":[{"href":"https:\/\/www.m4tandklinik.se\/tandlakareilerum\/wp-json\/wp\/v2\/pages"}],"about":[{"href":"https:\/\/www.m4tandklinik.se\/tandlakareilerum\/wp-json\/wp\/v2\/types\/page"}],"author":[{"embeddable":true,"href":"https:\/\/www.m4tandklinik.se\/tandlakareilerum\/wp-json\/wp\/v2\/users\/1"}],"replies":[{"embeddable":true,"href":"https:\/\/www.m4tandklinik.se\/tandlakareilerum\/wp-json\/wp\/v2\/comments?post=3927"}],"version-history":[{"count":30,"href":"https:\/\/www.m4tandklinik.se\/tandlakareilerum\/wp-json\/wp\/v2\/pages\/3927\/revisions"}],"predecessor-version":[{"id":4327,"href":"https:\/\/www.m4tandklinik.se\/tandlakareilerum\/wp-json\/wp\/v2\/pages\/3927\/revisions\/4327"}],"up":[{"embeddable":true,"href":"https:\/\/www.m4tandklinik.se\/tandlakareilerum\/wp-json\/wp\/v2\/pages\/1056"}],"wp:attachment":[{"href":"https:\/\/www.m4tandklinik.se\/tandlakareilerum\/wp-json\/wp\/v2\/media?parent=3927"}],"curies":[{"name":"wp","href":"https:\/\/api.w.org\/{rel}","templated":true}]}}