{"id":934,"date":"2016-10-05T11:37:48","date_gmt":"2016-10-05T11:37:48","guid":{"rendered":"http:\/\/dentalia.orionthemes.com\/demo-1\/?page_id=934"},"modified":"2020-10-23T13:09:32","modified_gmt":"2020-10-23T12:09:32","slug":"imman-aligner","status":"publish","type":"page","link":"https:\/\/www.m4tandklinik.se\/tandlakareilerum\/behandlingar-2\/imman-aligner\/","title":{"rendered":"Inman Aligner"},"content":{"rendered":"<div id=\"pl-934\"  class=\"panel-layout\" ><div id=\"pg-934-0\"  class=\"panel-grid panel-has-style\" ><div class=\"divider-no-animation tablet-1-in-row mobile-1-in-row desktop-default panel-row-style panel-row-style-for-934-0\" ><div id=\"pgc-934-0-0\"  class=\"panel-grid-cell\" ><div id=\"panel-934-0-0-0\" class=\"so-panel widget widget_orion_heading_w panel-first-child\" data-index=\"0\" ><div class=\"orion mobile-text-center tablets-text-center default panel-widget-style panel-widget-style-for-934-0-0-0\" ><div\n\t\t\t\n\t\t\tclass=\"so-widget-orion_heading_w so-widget-orion_heading_w-base\"\n\t\t\t\n\t\t> \r\n\t\t\t<div class=\"row orion-heading\" style=\"margin-bottom:0px;\">\r\n\t\t<div class=\"col-md-12  separator-style-1 text-left style-h6 style-primary-color\">\r\n\t\t\t<h6 class=\"primary-color\">\r\n\t\t\t\tEtt perfekt leende med\t\t\t<\/h6>\r\n\t\t<\/div>\r\n\t<\/div>\r\n\r\n\t<\/div><\/div><\/div><div id=\"panel-934-0-0-1\" class=\"so-panel widget widget_orion_heading_w\" data-index=\"1\" ><div class=\"orion mobile-text-center tablets-text-center default panel-widget-style panel-widget-style-for-934-0-0-1\" ><div\n\t\t\t\n\t\t\tclass=\"so-widget-orion_heading_w so-widget-orion_heading_w-base\"\n\t\t\t\n\t\t> \r\n\t\t\t<div class=\"row orion-heading\" style=\"margin-bottom:0px;\">\r\n\t\t<div class=\"col-md-12   text-left style-h2 style-text-dark\">\r\n\t\t\t<h2 class=\"text-dark\">\r\n\t\t\t\tInman Aligner\t\t\t<\/h2>\r\n\t\t<\/div>\r\n\t<\/div>\r\n\r\n\t<\/div><\/div><\/div><div id=\"panel-934-0-0-2\" class=\"so-panel widget widget_sow-editor\" data-index=\"2\" ><div class=\"orion mobile-text-center tablets-text-center default panel-widget-style panel-widget-style-for-934-0-0-2\" ><div\n\t\t\t\n\t\t\tclass=\"so-widget-sow-editor so-widget-sow-editor-base\"\n\t\t\t\n\t\t>\n<div class=\"siteorigin-widget-tinymce textwidget\">\n\t<p style=\"text-align: left;\">Inman Aligner \u00e4r en enkel avtagbar tandst\u00e4llning f\u00f6r att korrigera tr\u00e5ngst\u00e4llda och snedst\u00e4llda frontt\u00e4nder snabbt och s\u00e4kert. Den fungerar lika bra som frist\u00e5ende behandling som inledande behandling inf\u00f6r fortsatt kosmetisk tandv\u00e5rd med fast tandst\u00e4llning eller skalfasadsterapi.<\/p>\n<h3 style=\"text-align: left;\">S\u00e5 h\u00e4r fungerar den?<\/h3>\n<p style=\"text-align: left;\">Inman Aligner har nickeltitanfj\u00e4drar som via tv\u00e5 motst\u00e5ende b\u00e5gar varsamt flyttar t\u00e4nderna till deras nya positioner genom samverkande tryck- och dragkrafter. De svaga kraftera \u00e4r verksamma under hela tiden som t\u00e4nderna f\u00f6rflyttar sig. D\u00e4rf\u00f6r \u00e4r Inman Aligner s\u00e5 snabb. Bilden nedan visar \"kl\u00e4meffekten\" av de tv\u00e5 b\u00e5garna \u00f6ver fronten.<\/p>\n<h3 style=\"text-align: left;\">Hur l\u00e5ng \u00e4r behandlingstiden med Inman Aligner?<\/h3>\n<p style=\"text-align: left;\">De flesta fall kan avslutas inom 6-18 veckor. Din Inman Alignertandl\u00e4kare kan ge dig en realistisk tidsplan. F\u00f6r l\u00e4mpliga fall \u00e4r Inman Aligner oftast en snabbare metod \u00e4n andra alternativa tandregleringsbehandlingar.<\/p>\n<h3 style=\"text-align: left;\">Vad inneb\u00e4r en behandling med Inman Aligner?<\/h3>\n<ul>\n<li style=\"text-align: left;\">Hitta en certifierad tandl\u00e4kare som kan avg\u00f6ra om Inman Aligner \u00e4r en l\u00e4mplig behandling f\u00f6r dig.<\/li>\n<li style=\"text-align: left;\">Avtryckstagning f\u00f6r framst\u00e4llning av din skr\u00e4ddarsydda Inman Aligner.<\/li>\n<li style=\"text-align: left;\">Inpassning av Inman Aligner.<\/li>\n<li style=\"text-align: left;\">Anv\u00e4nd Inman Aligner 16-20 timmar per dag<\/li>\n<li style=\"text-align: left;\">Regelbundna kontroller hos tandl\u00e4kare varannan till var 3:e vecka.<\/li>\n<li style=\"text-align: left;\">Som vid all annan tandreglering m\u00e5ste slutresultatet h\u00e5llas p\u00e5 plats-retineras. Detta g\u00f6rs med en s.k retainer, antingen i form av en retainertr\u00e5d fastlimmad p\u00e5 insidan av t\u00e4nderna eller med en avtagbar genomskinlig skena.<\/li>\n<\/ul>\n<\/div>\n<\/div><\/div><\/div><div id=\"panel-934-0-0-3\" class=\"so-panel widget widget_orion_button_w\" data-index=\"3\" ><div class=\"orion default panel-widget-style panel-widget-style-for-934-0-0-3\" ><div\n\t\t\t\n\t\t\tclass=\"so-widget-orion_button_w so-widget-orion_button_w-base\"\n\t\t\t\n\t\t>\r\n\t\t\t<a class=\"btn btn-white btn-flat btn-md\" target=_blank href=\"https:\/\/www.inmanaligner.com\/se\/\"\r\n\t\t\t   \t\t>\r\n\t\t\tL\u00e4s mer\t\t\r\n\t\t<\/a>\r\n\t\r\n<\/div><\/div><\/div><div id=\"panel-934-0-0-4\" class=\"so-panel widget widget_orion_button_w panel-last-child\" data-index=\"4\" ><div class=\"orion mobile-text-center tablets-text-center default panel-widget-style panel-widget-style-for-934-0-0-4\" ><div\n\t\t\t\n\t\t\tclass=\"so-widget-orion_button_w so-widget-orion_button_w-base\"\n\t\t\t\n\t\t>\t<div class=\"wrapper block\" style=\"text-align:center\">\r\n\r\n\t\t\t<a class=\"btn btn-c1 btn-round icon-right btn-flat btn-md\"  href=\"https:\/\/www.m4tandklinik.se\/tandlakareilerum\/kontakt\/\"\r\n\t\t\t   \t\t>\r\n\t\t\tBOKA TID<span class=\"sow-icon-eleganticons\" data-sow-icon=\"&#xe023;\"\n\t\tstyle=\"color:#ffffff\" \n\t\taria-hidden=\"true\"><\/span>\t\t\r\n\t\t<\/a>\r\n\t\r\n<\/div>\r\n<\/div><\/div><\/div><\/div><div id=\"pgc-934-0-1\"  class=\"panel-grid-cell\" ><div id=\"panel-934-0-1-0\" class=\"so-panel widget widget_orion_image_w panel-first-child panel-last-child\" data-index=\"5\" ><div class=\"orion mobile-text-center tablets-text-center default panel-widget-style panel-widget-style-for-934-0-1-0\" ><div\n\t\t\t\n\t\t\tclass=\"so-widget-orion_image_w so-widget-orion_image_w-base\"\n\t\t\t\n\t\t>\r\n<div class=\"image-w relative\">\r\n\r\n\t\t\t\t\t\t\t<div class=\"orion_square overlay-none overlay-hover-none\">\r\n\t\t\r\n\t\t\t\t\t<img loading=\"lazy\" decoding=\"async\" width=\"750\" height=\"644\" src=\"https:\/\/www.m4tandklinik.se\/wp-content\/uploads\/2019\/08\/original-750x644.png\" class=\"attachment-orion_square size-orion_square\" alt=\"\" \/>\t\t\t<div class=\"overlay\"><\/div>\r\n\t\t\r\n\t\t\t\t\t<\/div>\r\n\t\t\t\r\n\t\r\n\t<div class=\"absolute\">\r\n\t\t<div class=\"hover-desc table-wrap\">\r\n\t\t\t<div class=\"cell-wrap\">\r\n\t\t\t\t<h4 class=\"text-dark\"><\/h4>\r\n\t\t\t<\/div>\r\n\t\t<\/div>\r\n\t<\/div>\t\t\t\t\t\r\n<\/div>\r\n\r\n<\/div><\/div><\/div><\/div><\/div><\/div><\/div>","protected":false},"excerpt":{"rendered":"<p>Inman Aligner \u00e4r en enkel avtagbar tandst\u00e4llning f\u00f6r att korrigera tr\u00e5ngst\u00e4llda och snedst\u00e4llda frontt\u00e4nder snabbt och s\u00e4kert. <\/p>\n","protected":false},"author":1,"featured_media":4041,"parent":1056,"menu_order":0,"comment_status":"closed","ping_status":"closed","template":"","meta":{"footnotes":""},"class_list":["post-934","page","type-page","status-publish","has-post-thumbnail","hentry"],"yoast_head":"<!-- This site is optimized with the Yoast SEO plugin v26.7 - https:\/\/yoast.com\/wordpress\/plugins\/seo\/ -->\n<title>Inman Aligner - Tandl\u00e4kare Mahnush Owji - M4 tandklinik<\/title>\n<meta name=\"robots\" content=\"index, follow, max-snippet:-1, max-image-preview:large, max-video-preview:-1\" \/>\n<link rel=\"canonical\" href=\"https:\/\/www.m4tandklinik.se\/tandlakareilerum\/behandlingar-2\/imman-aligner\/\" \/>\n<meta property=\"og:locale\" content=\"sv_SE\" \/>\n<meta property=\"og:type\" content=\"article\" \/>\n<meta property=\"og:title\" content=\"Inman Aligner - Tandl\u00e4kare Mahnush Owji - M4 tandklinik\" \/>\n<meta property=\"og:description\" content=\"Inman Aligner \u00e4r en enkel avtagbar tandst\u00e4llning f\u00f6r att korrigera tr\u00e5ngst\u00e4llda och snedst\u00e4llda frontt\u00e4nder snabbt och s\u00e4kert.\" \/>\n<meta property=\"og:url\" content=\"https:\/\/www.m4tandklinik.se\/tandlakareilerum\/behandlingar-2\/imman-aligner\/\" \/>\n<meta property=\"og:site_name\" content=\"Tandl\u00e4kare Mahnush Owji - M4 tandklinik\" \/>\n<meta property=\"article:publisher\" content=\"https:\/\/www.facebook.com\/m4tandklinik\" \/>\n<meta property=\"article:modified_time\" content=\"2020-10-23T12:09:32+00:00\" \/>\n<meta property=\"og:image\" content=\"https:\/\/www.m4tandklinik.se\/wp-content\/uploads\/2019\/08\/inmanalighner-1-e1566823275253.jpg\" \/>\n\t<meta property=\"og:image:width\" content=\"640\" \/>\n\t<meta property=\"og:image:height\" content=\"480\" \/>\n\t<meta property=\"og:image:type\" content=\"image\/jpeg\" \/>\n<meta name=\"twitter:card\" content=\"summary_large_image\" \/>\n<meta name=\"twitter:label1\" content=\"Ber\u00e4knad l\u00e4stid\" \/>\n\t<meta name=\"twitter:data1\" content=\"1 minut\" \/>\n<script type=\"application\/ld+json\" class=\"yoast-schema-graph\">{\"@context\":\"https:\/\/schema.org\",\"@graph\":[{\"@type\":\"WebPage\",\"@id\":\"https:\/\/www.m4tandklinik.se\/tandlakareilerum\/behandlingar-2\/imman-aligner\/\",\"url\":\"https:\/\/www.m4tandklinik.se\/tandlakareilerum\/behandlingar-2\/imman-aligner\/\",\"name\":\"Inman Aligner - Tandl\u00e4kare Mahnush Owji - M4 tandklinik\",\"isPartOf\":{\"@id\":\"https:\/\/www.m4tandklinik.se\/tandlakareilerum\/#website\"},\"primaryImageOfPage\":{\"@id\":\"https:\/\/www.m4tandklinik.se\/tandlakareilerum\/behandlingar-2\/imman-aligner\/#primaryimage\"},\"image\":{\"@id\":\"https:\/\/www.m4tandklinik.se\/tandlakareilerum\/behandlingar-2\/imman-aligner\/#primaryimage\"},\"thumbnailUrl\":\"https:\/\/www.m4tandklinik.se\/wp-content\/uploads\/2019\/08\/inmanalighner-1-e1566823275253.jpg\",\"datePublished\":\"2016-10-05T11:37:48+00:00\",\"dateModified\":\"2020-10-23T12:09:32+00:00\",\"breadcrumb\":{\"@id\":\"https:\/\/www.m4tandklinik.se\/tandlakareilerum\/behandlingar-2\/imman-aligner\/#breadcrumb\"},\"inLanguage\":\"sv-SE\",\"potentialAction\":[{\"@type\":\"ReadAction\",\"target\":[\"https:\/\/www.m4tandklinik.se\/tandlakareilerum\/behandlingar-2\/imman-aligner\/\"]}]},{\"@type\":\"ImageObject\",\"inLanguage\":\"sv-SE\",\"@id\":\"https:\/\/www.m4tandklinik.se\/tandlakareilerum\/behandlingar-2\/imman-aligner\/#primaryimage\",\"url\":\"https:\/\/www.m4tandklinik.se\/wp-content\/uploads\/2019\/08\/inmanalighner-1-e1566823275253.jpg\",\"contentUrl\":\"https:\/\/www.m4tandklinik.se\/wp-content\/uploads\/2019\/08\/inmanalighner-1-e1566823275253.jpg\",\"width\":640,\"height\":480},{\"@type\":\"BreadcrumbList\",\"@id\":\"https:\/\/www.m4tandklinik.se\/tandlakareilerum\/behandlingar-2\/imman-aligner\/#breadcrumb\",\"itemListElement\":[{\"@type\":\"ListItem\",\"position\":1,\"name\":\"Hem\",\"item\":\"https:\/\/www.m4tandklinik.se\/tandlakareilerum\/\"},{\"@type\":\"ListItem\",\"position\":2,\"name\":\"Behandlingar\",\"item\":\"https:\/\/www.m4tandklinik.se\/tandlakareilerum\/behandlingar-2\/\"},{\"@type\":\"ListItem\",\"position\":3,\"name\":\"Inman Aligner\"}]},{\"@type\":\"WebSite\",\"@id\":\"https:\/\/www.m4tandklinik.se\/tandlakareilerum\/#website\",\"url\":\"https:\/\/www.m4tandklinik.se\/tandlakareilerum\/\",\"name\":\"Tandl\u00e4kare Mahnush Owji - M4 tandklinik\",\"description\":\"Tandl\u00e4kare i Lerum\",\"publisher\":{\"@id\":\"https:\/\/www.m4tandklinik.se\/tandlakareilerum\/#organization\"},\"potentialAction\":[{\"@type\":\"SearchAction\",\"target\":{\"@type\":\"EntryPoint\",\"urlTemplate\":\"https:\/\/www.m4tandklinik.se\/tandlakareilerum\/?s={search_term_string}\"},\"query-input\":{\"@type\":\"PropertyValueSpecification\",\"valueRequired\":true,\"valueName\":\"search_term_string\"}}],\"inLanguage\":\"sv-SE\"},{\"@type\":\"Organization\",\"@id\":\"https:\/\/www.m4tandklinik.se\/tandlakareilerum\/#organization\",\"name\":\"Tandl\u00e4kare Mahnush Owji - M4 tandklinik\",\"url\":\"https:\/\/www.m4tandklinik.se\/tandlakareilerum\/\",\"logo\":{\"@type\":\"ImageObject\",\"inLanguage\":\"sv-SE\",\"@id\":\"https:\/\/www.m4tandklinik.se\/tandlakareilerum\/#\/schema\/logo\/image\/\",\"url\":\"https:\/\/www.m4tandklinik.se\/wp-content\/uploads\/2019\/04\/cropped-m4-just-logo.png\",\"contentUrl\":\"https:\/\/www.m4tandklinik.se\/wp-content\/uploads\/2019\/04\/cropped-m4-just-logo.png\",\"width\":512,\"height\":512,\"caption\":\"Tandl\u00e4kare Mahnush Owji - M4 tandklinik\"},\"image\":{\"@id\":\"https:\/\/www.m4tandklinik.se\/tandlakareilerum\/#\/schema\/logo\/image\/\"},\"sameAs\":[\"https:\/\/www.facebook.com\/m4tandklinik\",\"https:\/\/www.instagram.com\/m4tandklinik\/\"]}]}<\/script>\n<!-- \/ Yoast SEO plugin. -->","yoast_head_json":{"title":"Inman Aligner - Tandl\u00e4kare Mahnush Owji - M4 tandklinik","robots":{"index":"index","follow":"follow","max-snippet":"max-snippet:-1","max-image-preview":"max-image-preview:large","max-video-preview":"max-video-preview:-1"},"canonical":"https:\/\/www.m4tandklinik.se\/tandlakareilerum\/behandlingar-2\/imman-aligner\/","og_locale":"sv_SE","og_type":"article","og_title":"Inman Aligner - Tandl\u00e4kare Mahnush Owji - M4 tandklinik","og_description":"Inman Aligner \u00e4r en enkel avtagbar tandst\u00e4llning f\u00f6r att korrigera tr\u00e5ngst\u00e4llda och snedst\u00e4llda frontt\u00e4nder snabbt och s\u00e4kert.","og_url":"https:\/\/www.m4tandklinik.se\/tandlakareilerum\/behandlingar-2\/imman-aligner\/","og_site_name":"Tandl\u00e4kare Mahnush Owji - M4 tandklinik","article_publisher":"https:\/\/www.facebook.com\/m4tandklinik","article_modified_time":"2020-10-23T12:09:32+00:00","og_image":[{"width":640,"height":480,"url":"https:\/\/www.m4tandklinik.se\/wp-content\/uploads\/2019\/08\/inmanalighner-1-e1566823275253.jpg","type":"image\/jpeg"}],"twitter_card":"summary_large_image","twitter_misc":{"Ber\u00e4knad l\u00e4stid":"1 minut"},"schema":{"@context":"https:\/\/schema.org","@graph":[{"@type":"WebPage","@id":"https:\/\/www.m4tandklinik.se\/tandlakareilerum\/behandlingar-2\/imman-aligner\/","url":"https:\/\/www.m4tandklinik.se\/tandlakareilerum\/behandlingar-2\/imman-aligner\/","name":"Inman Aligner - Tandl\u00e4kare Mahnush Owji - M4 tandklinik","isPartOf":{"@id":"https:\/\/www.m4tandklinik.se\/tandlakareilerum\/#website"},"primaryImageOfPage":{"@id":"https:\/\/www.m4tandklinik.se\/tandlakareilerum\/behandlingar-2\/imman-aligner\/#primaryimage"},"image":{"@id":"https:\/\/www.m4tandklinik.se\/tandlakareilerum\/behandlingar-2\/imman-aligner\/#primaryimage"},"thumbnailUrl":"https:\/\/www.m4tandklinik.se\/wp-content\/uploads\/2019\/08\/inmanalighner-1-e1566823275253.jpg","datePublished":"2016-10-05T11:37:48+00:00","dateModified":"2020-10-23T12:09:32+00:00","breadcrumb":{"@id":"https:\/\/www.m4tandklinik.se\/tandlakareilerum\/behandlingar-2\/imman-aligner\/#breadcrumb"},"inLanguage":"sv-SE","potentialAction":[{"@type":"ReadAction","target":["https:\/\/www.m4tandklinik.se\/tandlakareilerum\/behandlingar-2\/imman-aligner\/"]}]},{"@type":"ImageObject","inLanguage":"sv-SE","@id":"https:\/\/www.m4tandklinik.se\/tandlakareilerum\/behandlingar-2\/imman-aligner\/#primaryimage","url":"https:\/\/www.m4tandklinik.se\/wp-content\/uploads\/2019\/08\/inmanalighner-1-e1566823275253.jpg","contentUrl":"https:\/\/www.m4tandklinik.se\/wp-content\/uploads\/2019\/08\/inmanalighner-1-e1566823275253.jpg","width":640,"height":480},{"@type":"BreadcrumbList","@id":"https:\/\/www.m4tandklinik.se\/tandlakareilerum\/behandlingar-2\/imman-aligner\/#breadcrumb","itemListElement":[{"@type":"ListItem","position":1,"name":"Hem","item":"https:\/\/www.m4tandklinik.se\/tandlakareilerum\/"},{"@type":"ListItem","position":2,"name":"Behandlingar","item":"https:\/\/www.m4tandklinik.se\/tandlakareilerum\/behandlingar-2\/"},{"@type":"ListItem","position":3,"name":"Inman Aligner"}]},{"@type":"WebSite","@id":"https:\/\/www.m4tandklinik.se\/tandlakareilerum\/#website","url":"https:\/\/www.m4tandklinik.se\/tandlakareilerum\/","name":"Tandl\u00e4kare Mahnush Owji - M4 tandklinik","description":"Tandl\u00e4kare i Lerum","publisher":{"@id":"https:\/\/www.m4tandklinik.se\/tandlakareilerum\/#organization"},"potentialAction":[{"@type":"SearchAction","target":{"@type":"EntryPoint","urlTemplate":"https:\/\/www.m4tandklinik.se\/tandlakareilerum\/?s={search_term_string}"},"query-input":{"@type":"PropertyValueSpecification","valueRequired":true,"valueName":"search_term_string"}}],"inLanguage":"sv-SE"},{"@type":"Organization","@id":"https:\/\/www.m4tandklinik.se\/tandlakareilerum\/#organization","name":"Tandl\u00e4kare Mahnush Owji - M4 tandklinik","url":"https:\/\/www.m4tandklinik.se\/tandlakareilerum\/","logo":{"@type":"ImageObject","inLanguage":"sv-SE","@id":"https:\/\/www.m4tandklinik.se\/tandlakareilerum\/#\/schema\/logo\/image\/","url":"https:\/\/www.m4tandklinik.se\/wp-content\/uploads\/2019\/04\/cropped-m4-just-logo.png","contentUrl":"https:\/\/www.m4tandklinik.se\/wp-content\/uploads\/2019\/04\/cropped-m4-just-logo.png","width":512,"height":512,"caption":"Tandl\u00e4kare Mahnush Owji - M4 tandklinik"},"image":{"@id":"https:\/\/www.m4tandklinik.se\/tandlakareilerum\/#\/schema\/logo\/image\/"},"sameAs":["https:\/\/www.facebook.com\/m4tandklinik","https:\/\/www.instagram.com\/m4tandklinik\/"]}]}},"_links":{"self":[{"href":"https:\/\/www.m4tandklinik.se\/tandlakareilerum\/wp-json\/wp\/v2\/pages\/934","targetHints":{"allow":["GET"]}}],"collection":[{"href":"https:\/\/www.m4tandklinik.se\/tandlakareilerum\/wp-json\/wp\/v2\/pages"}],"about":[{"href":"https:\/\/www.m4tandklinik.se\/tandlakareilerum\/wp-json\/wp\/v2\/types\/page"}],"author":[{"embeddable":true,"href":"https:\/\/www.m4tandklinik.se\/tandlakareilerum\/wp-json\/wp\/v2\/users\/1"}],"replies":[{"embeddable":true,"href":"https:\/\/www.m4tandklinik.se\/tandlakareilerum\/wp-json\/wp\/v2\/comments?post=934"}],"version-history":[{"count":35,"href":"https:\/\/www.m4tandklinik.se\/tandlakareilerum\/wp-json\/wp\/v2\/pages\/934\/revisions"}],"predecessor-version":[{"id":5553,"href":"https:\/\/www.m4tandklinik.se\/tandlakareilerum\/wp-json\/wp\/v2\/pages\/934\/revisions\/5553"}],"up":[{"embeddable":true,"href":"https:\/\/www.m4tandklinik.se\/tandlakareilerum\/wp-json\/wp\/v2\/pages\/1056"}],"wp:featuredmedia":[{"embeddable":true,"href":"https:\/\/www.m4tandklinik.se\/tandlakareilerum\/wp-json\/wp\/v2\/media\/4041"}],"wp:attachment":[{"href":"https:\/\/www.m4tandklinik.se\/tandlakareilerum\/wp-json\/wp\/v2\/media?parent=934"}],"curies":[{"name":"wp","href":"https:\/\/api.w.org\/{rel}","templated":true}]}}